{"id":1013,"date":"2017-04-13T10:02:06","date_gmt":"2017-04-13T10:02:06","guid":{"rendered":"http:\/\/sbikes.si\/si\/?page_id=1013"},"modified":"2023-05-17T13:50:52","modified_gmt":"2023-05-17T13:50:52","slug":"v-medijih","status":"publish","type":"page","link":"http:\/\/sbikes.si\/si\/v-medijih\/","title":{"rendered":"V medijih"},"content":{"rendered":"<p>Kolesa <strong>S-BIKES<\/strong> so v letu 2016 postala prava zvezda na podro\u010dju kolesarstva. Vas zanima, kaj so o izku\u0161nji z njimi zapisali vodilni slovenski mediji? Preberite si objave v medijih in spoznajte vse uporabni\u0161ke prednosti koles S-BIKES.<\/p>\n<p><strong>Finance \u2013 priloga MANAGER<\/strong><br \/>\n<a href=\"http:\/\/avto.finance.si\/8848755\/Urbana-mobilnost-brez-znoja\">http:\/\/avto.finance.si\/8848755\/Urbana-mobilnost-brez-znoja<\/a><\/p>\n<p><strong>\u017durnal24<\/strong><br \/>\n<a href=\"http:\/\/www.zurnal24.si\/s-bike-smart-01-test-elektricno-kolo-clanek-276107\" target=\"_blank\" rel=\"noopener\">www.zurnal24.si\/s-bike-smart-01-test-elektricno-kolo-clanek-276107<\/a><br \/>\n<a href=\"http:\/\/www.zurnal24.si\/slovensko-elektricno-kolo-s-bikes-smart-01-span-clanek-274017\" target=\"_blank\" rel=\"noopener\">http:\/\/www.zurnal24.si\/slovensko-elektricno-kolo-s-bikes-smart-01-span-clanek-274017<\/a><\/p>\n<p><strong>Avto.Over.net<\/strong><br \/>\n<a href=\"http:\/\/avto.over.net\/clanek\/slovenska-revolucija-urbane-mobilnosti\/\" target=\"_blank\" rel=\"noopener\">http:\/\/avto.over.net\/clanek\/slovenska-revolucija-urbane-mobilnosti\/<\/a><\/p>\n<p><strong>Ra\u010dunalni\u0161ke novice<\/strong><br \/>\n<a href=\"https:\/\/www.racunalniske-novice.com\/novice\/dogodki-in-obvestila\/preverite-zakaj-je-s-bikes-elektricno-kolo-nove-generacije.html\" target=\"_blank\" rel=\"noopener\">https:\/\/www.racunalniske-novice.com\/novice\/dogodki-in-obvestila\/preverite-zakaj-je-s-bikes-elektricno-kolo-nove-generacije.html<\/a><\/p>\n<p><strong>Plugin-Magazin<\/strong><br \/>\n<a href=\"http:\/\/plugin-magazine.com\/driving\/s-bikes-changing-the-trends-of-urban-mobility\/\" target=\"_blank\" rel=\"noopener\">http:\/\/plugin-magazine.com\/driving\/s-bikes-changing-the-trends-of-urban-mobility\/<\/a><\/p>\n<p><strong>Avto magazin<\/strong><br \/>\n<a href=\"http:\/\/www.avto-magazin.si\/novice\/revolucija-urbane-mobilnosti-zlozljivo-elektricno-kolo-s-bikes\/\" target=\"_blank\" rel=\"noopener\">http:\/\/www.avto-magazin.si\/novice\/revolucija-urbane-mobilnosti-zlozljivo-elektricno-kolo-s-bikes\/<\/a><\/p>\n<p><strong>City Magazine<\/strong><br \/>\n<a href=\"http:\/\/citymagazine.si\/clanek\/zlozljivo-elektricno-kolo-s-bikes-iz-slovenije\/\" target=\"_blank\" rel=\"noopener\">http:\/\/citymagazine.si\/clanek\/zlozljivo-elektricno-kolo-s-bikes-iz-slovenije\/<\/a><\/p>\n<p><strong>Aktivni.si<\/strong><br \/>\n<a href=\"http:\/\/www.aktivni.si\/dobro-pocutje\/novosti\/revolucija-urbane-mobilnosti-zlozljivo-elektricno-kolo-s-bikes\/\" target=\"_blank\" rel=\"noopener\">http:\/\/www.aktivni.si\/dobro-pocutje\/novosti\/revolucija-urbane-mobilnosti-zlozljivo-elektricno-kolo-s-bikes\/<\/a><\/p>\n","protected":false},"excerpt":{"rendered":"<p>Kolesa S-BIKES so v letu 2016 postala prava zvezda na podro\u010dju kolesarstva. Vas zanima, kaj so o izku\u0161nji z njimi zapisali vodilni slovenski mediji? Preberite si objave v medijih in spoznajte vse uporabni\u0161ke prednosti koles S-BIKES. Finance \u2013 priloga MANAGER http:\/\/avto.finance.si\/8848755\/Urbana-mobilnost-brez-znoja \u017durnal24 www.zurnal24.si\/s-bike-smart-01-test-elektricno-kolo-clanek-276107 http:\/\/www.zurnal24.si\/slovensko-elektricno-kolo-s-bikes-smart-01-span-clanek-274017 Avto.Over.net http:\/\/avto.over.net\/clanek\/slovenska-revolucija-urbane-mobilnosti\/ Ra\u010dunalni\u0161ke novice https:\/\/www.racunalniske-novice.com\/novice\/dogodki-in-obvestila\/preverite-zakaj-je-s-bikes-elektricno-kolo-nove-generacije.html Plugin-Magazin http:\/\/plugin-magazine.com\/driving\/s-bikes-changing-the-trends-of-urban-mobility\/ Avto magazin http:\/\/www.avto-magazin.si\/novice\/revolucija-urbane-mobilnosti-zlozljivo-elektricno-kolo-s-bikes\/ City&hellip;<\/p>\n","protected":false},"author":1,"featured_media":0,"parent":0,"menu_order":0,"comment_status":"closed","ping_status":"closed","template":"","meta":[],"_links":{"self":[{"href":"http:\/\/sbikes.si\/si\/wp-json\/wp\/v2\/pages\/1013"}],"collection":[{"href":"http:\/\/sbikes.si\/si\/wp-json\/wp\/v2\/pages"}],"about":[{"href":"http:\/\/sbikes.si\/si\/wp-json\/wp\/v2\/types\/page"}],"author":[{"embeddable":true,"href":"http:\/\/sbikes.si\/si\/wp-json\/wp\/v2\/users\/1"}],"replies":[{"embeddable":true,"href":"http:\/\/sbikes.si\/si\/wp-json\/wp\/v2\/comments?post=1013"}],"version-history":[{"count":8,"href":"http:\/\/sbikes.si\/si\/wp-json\/wp\/v2\/pages\/1013\/revisions"}],"predecessor-version":[{"id":1576,"href":"http:\/\/sbikes.si\/si\/wp-json\/wp\/v2\/pages\/1013\/revisions\/1576"}],"wp:attachment":[{"href":"http:\/\/sbikes.si\/si\/wp-json\/wp\/v2\/media?parent=1013"}],"curies":[{"name":"wp","href":"https:\/\/api.w.org\/{rel}","templated":true}]}}