{"id":1050,"date":"2017-06-14T06:37:39","date_gmt":"2017-06-14T06:37:39","guid":{"rendered":"http:\/\/sbikes.si\/si\/?page_id=1050"},"modified":"2021-09-01T12:16:29","modified_gmt":"2021-09-01T12:16:29","slug":"splosni-pogoji-nakupa","status":"publish","type":"page","link":"http:\/\/sbikes.si\/si\/splosni-pogoji-nakupa\/","title":{"rendered":"Splo\u0161ni pogoji nakupa"},"content":{"rendered":"<h1>POGOJI NAKUPA<\/h1>\n<p>Kupec s svojim naro\u010dilom potrjuje, da sprejema na\u0161e prodajne pogoje. Kupec lahko skladno s 43. \u010dlenom Zakona o varstvu potro\u0161nikov (ZVPot-UPB2) odstopi od pogodbe v 15 dneh po prejemu blaga. V primeru, da ne moremo zagotoviti dobave blaga, si pridr\u017eujemo pravico odstopa od naro\u010dila. Kupca o tem obvestimo na elektronski naslov ali po telefonu.<\/p>\n<h1>NARO\u010cILA<\/h1>\n<p>V na\u0161i spletni trgovini www.sbikes.si kupujete udobno in brez nepotrebnega tveganja. Vsi izdelki so predstavljeni z osnovnimi podatki in slikami. \u010ce \u017eelite dodatne informacije ali potrebujete nasvet, nas lahko kontaktirate na elektronsko po\u0161to:\u00a0<a href=\"mailto:info@sbike.si\">info@sbikes.si<\/a>\u00a0ali po telefonu 01 365 80 94.<\/p>\n<h1>LASTNI PREVZEM<\/h1>\n<p>Blago lahko prevzamete v na\u0161em skladi\u0161\u010du, na sede\u017eu podjetja \u0160pan d.o.o., Tr\u017ea\u0161ka 547, 1351 Brezovica pri Ljubljani.<\/p>\n<h1>DOSTAVA<\/h1>\n<p>Dostava znotraj Republike Slovenije je brezpla\u010dna za kolesa S-BIKES F50e, C70e in C80e PRO. Pri nakupih zaklju\u010denih do 16:45 ure, bo blago na va\u0161 naslov dostavljeno do en dan po potrditvi nakupa. Pri nakupih zaklju\u010denih po <strong>16:45 uri<\/strong><strong>,<\/strong> pa bo blago na va\u0161 naslov dostavljeno v 2 dneh. Dostava je varna in zanesljiva preko lastne dostavne slu\u017ebe ali kurirske slu\u017ebe. Obstaja mo\u017enost, da kak\u0161nega naro\u010denega artikla ni na zalogi. V takem primeru, nas prosim kontaktirajte po elektronski po\u0161ti\u00a0<a href=\"mailto:info@sbike.si\">info@sbikes.si<\/a>\u00a0ali po telefonu 01 365 80 94 in sporo\u010dili vam bomo dobavni rok.<\/p>\n<h1>REKLAMACIJA IN VRA\u010cILO IZDELKOV<\/h1>\n<p>Za izdelke v spletni trgovini veljajo garancijski pogoji v skladu s slovensko zakonodajo. Artikli imajo garancijo proizvajalca, uvoznika oziroma prodajalca. Ob uveljavljanju garancije prilo\u017eite originalni ra\u010dun in garancijski list.<\/p>\n<p>Kupec ima skladno s 43. \u010dlenom Zakona o varstvu potro\u0161nikov ZVPot-UPB2 pravico do odstopa od pogodbe oziroma naro\u010dila. Kupec mora v petnajstih dneh po sporo\u010dilu o odstopu od naro\u010dila podjetju vrniti blago, nepo\u0161kodovano, v nespremenjeni koli\u010dini in v originalni embala\u017ei. Stro\u0161ke vra\u010dila blaga krije stranka. Kupcu bomo v roku 15 dni od prejema vrnjenega blaga povrnili vrednost vrnjenega blaga z nakazilom na teko\u010di ra\u010dun.<\/p>\n<h1>CENE IN PLA\u010cILO<\/h1>\n<p>Vse cene so v EUR.<br \/>\nPri dostavi je mo\u017eno pla\u010dilo po predra\u010dunu ali pa pla\u010dilo z gotovino, ki ga poravnate dostavljalcu. Pri lastnem prevzemu, je mo\u017eno pla\u010dilo po predra\u010dunu ali pla\u010dilo z gotovino in ve\u010dino pla\u010dilnih in kreditnih kartic. Ve\u010d o na\u010dinih pla\u010dila si preberite tu. Pridr\u017eujemo si pravico do dnevnih sprememb cen. Veljajo cene, ki jih kupec potrdi pri nakupu v spletni trgovini.<\/p>\n<h1>VAROVANJE OSEBNIH PODATKOV<\/h1>\n<p>Podatke o kupcih, ki jih pridobimo na spletnem portalu www.sbikes.si, bomo uporabljali izklju\u010dno za izvedbo nakupov in izbolj\u0161anje delovanja spletnega portala. Podatki so varovani v skladu z zakonom o varovanju osebnih podatkov. Podatki uporabnikov spletnega portala v nobenem primeru ne bodo predani tretji osebi.<\/p>\n<h1>REGISTRACIJA<\/h1>\n<p>Registracija ali vpis osebnih podatkov v spletni trgovini sbikes.si je nujen in potreben izklju\u010dno samo za pravilno in a\u017eurno izvajanje uporabni\u0161kih storitev.<\/p>\n<h1>VARNOST NAKUPOVANJA<\/h1>\n<p>Nakupovanje v spletni trgovini sbikes.si je popolnoma varno. Blago pla\u010date ob prevzemu, ali po predra\u010dunu na po\u0161ti ali banki oz preko spletne banke.<\/p>\n<p>Z uporabo spletne trgovine sbike.si, ste izrazili, da ste seznanjeni z na\u0161imi pogoji in da se z njimi strinjate. V primeru, da se njimi ne strinjate, vas prosimo, da spletne trgovine ne uporabljate.<\/p>\n<p>Hvala.<\/p>\n","protected":false},"excerpt":{"rendered":"<p>POGOJI NAKUPA Kupec s svojim naro\u010dilom potrjuje, da sprejema na\u0161e prodajne pogoje. Kupec lahko skladno s 43. \u010dlenom Zakona o varstvu potro\u0161nikov (ZVPot-UPB2) odstopi od pogodbe v 15 dneh po prejemu blaga. V primeru, da ne moremo zagotoviti dobave blaga, si pridr\u017eujemo pravico odstopa od naro\u010dila. Kupca o tem obvestimo na elektronski naslov ali po&hellip;<\/p>\n","protected":false},"author":1,"featured_media":0,"parent":0,"menu_order":0,"comment_status":"closed","ping_status":"closed","template":"","meta":[],"_links":{"self":[{"href":"http:\/\/sbikes.si\/si\/wp-json\/wp\/v2\/pages\/1050"}],"collection":[{"href":"http:\/\/sbikes.si\/si\/wp-json\/wp\/v2\/pages"}],"about":[{"href":"http:\/\/sbikes.si\/si\/wp-json\/wp\/v2\/types\/page"}],"author":[{"embeddable":true,"href":"http:\/\/sbikes.si\/si\/wp-json\/wp\/v2\/users\/1"}],"replies":[{"embeddable":true,"href":"http:\/\/sbikes.si\/si\/wp-json\/wp\/v2\/comments?post=1050"}],"version-history":[{"count":2,"href":"http:\/\/sbikes.si\/si\/wp-json\/wp\/v2\/pages\/1050\/revisions"}],"predecessor-version":[{"id":1465,"href":"http:\/\/sbikes.si\/si\/wp-json\/wp\/v2\/pages\/1050\/revisions\/1465"}],"wp:attachment":[{"href":"http:\/\/sbikes.si\/si\/wp-json\/wp\/v2\/media?parent=1050"}],"curies":[{"name":"wp","href":"https:\/\/api.w.org\/{rel}","templated":true}]}}