{"id":1054,"date":"2017-07-11T09:16:50","date_gmt":"2017-07-11T09:16:50","guid":{"rendered":"http:\/\/sbikes.si\/si\/?page_id=1054"},"modified":"2023-05-17T14:00:14","modified_gmt":"2023-05-17T14:00:14","slug":"o-nas","status":"publish","type":"page","link":"http:\/\/sbikes.si\/si\/o-nas\/","title":{"rendered":"O nas"},"content":{"rendered":"<p>[vc_row css=&#8221;.vc_custom_1453217339571{padding-top: 50px !important;padding-bottom: 50px !important;}&#8221;][vc_column width=&#8221;2\/3&#8243;][vc_single_image image=&#8221;778&#8243; img_size=&#8221;full&#8221; alignment=&#8221;center&#8221;][\/vc_column][vc_column width=&#8221;1\/3&#8243;][vc_custom_heading text=&#8221;O S-BIKES&#8221; font_container=&#8221;tag:h2|font_size:36|text_align:left|color:%23515151|line_height:1.2&#8243; google_fonts=&#8221;font_family:Istok%20Web%3Aregular%2Citalic%2C700%2C700italic|font_style:700%20bold%20regular%3A700%3Anormal&#8221;][vc_column_text]<strong>S-BIKES<\/strong> je koncept sodobne mobilnosti in odgovarja na izzive dana\u0161njega \u010dasa. Kolesa S-BIKES zdru\u017euje atraktiven design, kvalitetna oprema in izdelava ter edinstvena uporabni\u0161ka izku\u0161nja. Upravljanje je preprosto in naravno. Tako, kot smo to vajeni pri obi\u010dajnih kolesih.<\/p>\n<p><strong>S-BIKES<\/strong> je slovenska blagovna znamka elektri\u010dnih koles. Ustanovitelj znamke je podjetje <strong>\u0160pan d.o.o.<\/strong>, ki s svojim pionirskim duhom deluje \u017ee od 1982. Najprej kot malo gara\u017eno podjetje za za\u0161\u010dito podvozij, se je kasneje razvilo v vodilnega ponudnika pnevmatik v Sloveniji. Danes je \u0160pan d.o.o. sodobno podjetje, ki pooseblja mobilnost na vseh ravneh, kjer ima pomembno mesto prav znamka S-BIKES.[\/vc_column_text][\/vc_column][\/vc_row][vc_row css=&#8221;.vc_custom_1453217339571{padding-top: 50px !important;padding-bottom: 50px !important;}&#8221;][vc_column width=&#8221;1\/3&#8243;][vc_custom_heading text=&#8221;Vizija je postala resni\u010dnost.&#8221; font_container=&#8221;tag:h2|font_size:36|text_align:left|color:%23515151|line_height:1.2&#8243; google_fonts=&#8221;font_family:Istok%20Web%3Aregular%2Citalic%2C700%2C700italic|font_style:700%20bold%20regular%3A700%3Anormal&#8221;][vc_column_text]Vizija elektri\u010dnih koles S-BIKES je nastala leta 2015. Ob povezovanju z najve\u010djim kitajskim premium proizvajalcem in razvijalcem koles, smo kmalu izdelali prve prototipe. Prvi\u00a0model serijske proizvodnje je bil model Smart 01. Zlo\u017eljivo elektri\u010dno kolo, ki postal prvi model blagovne znamke S-BIKES.<\/p>\n<p>Ob \u0161tevilnih uporabni\u0161kih izku\u0161njah, novinarskih testiranj in testiranj razvojne ekipe kmalu pride do nove generacije koles: nastane dru\u017eina elektri\u010dnih koles S-BIKES z modeli F50e, C70e in C90e.[\/vc_column_text][\/vc_column][vc_column width=&#8221;2\/3&#8243;][vc_single_image image=&#8221;955&#8243; img_size=&#8221;full&#8221; alignment=&#8221;center&#8221;][\/vc_column][\/vc_row]<\/p>\n","protected":false},"excerpt":{"rendered":"<p>[vc_row css=&#8221;.vc_custom_1453217339571{padding-top: 50px !important;padding-bottom: 50px !important;}&#8221;][vc_column width=&#8221;2\/3&#8243;][vc_single_image image=&#8221;778&#8243; img_size=&#8221;full&#8221; alignment=&#8221;center&#8221;][\/vc_column][vc_column width=&#8221;1\/3&#8243;][vc_custom_heading text=&#8221;O S-BIKES&#8221; font_container=&#8221;tag:h2|font_size:36|text_align:left|color:%23515151|line_height:1.2&#8243; google_fonts=&#8221;font_family:Istok%20Web%3Aregular%2Citalic%2C700%2C700italic|font_style:700%20bold%20regular%3A700%3Anormal&#8221;][vc_column_text]S-BIKES je koncept sodobne mobilnosti in odgovarja na izzive dana\u0161njega \u010dasa. Kolesa S-BIKES zdru\u017euje atraktiven design, kvalitetna oprema in izdelava ter edinstvena uporabni\u0161ka izku\u0161nja. Upravljanje je preprosto in naravno. Tako, kot smo to vajeni pri obi\u010dajnih kolesih. S-BIKES je slovenska blagovna&hellip;<\/p>\n","protected":false},"author":1,"featured_media":0,"parent":0,"menu_order":0,"comment_status":"closed","ping_status":"closed","template":"","meta":[],"_links":{"self":[{"href":"http:\/\/sbikes.si\/si\/wp-json\/wp\/v2\/pages\/1054"}],"collection":[{"href":"http:\/\/sbikes.si\/si\/wp-json\/wp\/v2\/pages"}],"about":[{"href":"http:\/\/sbikes.si\/si\/wp-json\/wp\/v2\/types\/page"}],"author":[{"embeddable":true,"href":"http:\/\/sbikes.si\/si\/wp-json\/wp\/v2\/users\/1"}],"replies":[{"embeddable":true,"href":"http:\/\/sbikes.si\/si\/wp-json\/wp\/v2\/comments?post=1054"}],"version-history":[{"count":5,"href":"http:\/\/sbikes.si\/si\/wp-json\/wp\/v2\/pages\/1054\/revisions"}],"predecessor-version":[{"id":1577,"href":"http:\/\/sbikes.si\/si\/wp-json\/wp\/v2\/pages\/1054\/revisions\/1577"}],"wp:attachment":[{"href":"http:\/\/sbikes.si\/si\/wp-json\/wp\/v2\/media?parent=1054"}],"curies":[{"name":"wp","href":"https:\/\/api.w.org\/{rel}","templated":true}]}}