{"id":1070,"date":"2017-07-27T12:38:57","date_gmt":"2017-07-27T12:38:57","guid":{"rendered":"http:\/\/sbikes.si\/si\/?page_id=1070"},"modified":"2021-06-07T15:02:53","modified_gmt":"2021-06-07T15:02:53","slug":"pomoc","status":"publish","type":"page","link":"http:\/\/sbikes.si\/si\/pomoc\/","title":{"rendered":"Hitra pomo\u010d uporabnikom"},"content":{"rendered":"<p>[vc_row][vc_column width=&#8221;1\/2&#8243;][vc_column_text]<em><strong>Za vas smo pripravili opis najpogosteje uporabljenih funkcij na kolesih S-BIKES in odgovore na najpogosteje zastavljena vpra\u0161anja.<\/strong><\/em><\/p>\n<h3><strong>Asistenca za speljevanje v klanec<\/strong><\/h3>\n<p>Asistenco za speljevanje v klanec aktiviramo z dalj\u0161im pritiskom na stikalo <strong>(-)<\/strong>. Kolo samodejno spelje s pomo\u010djo elektro motorja in pospe\u0161uje do hitrosti 5 km\/h. Asistenca se lahko uporablja tako pri speljevanju v klanec, kot tudi pri speljevanju na ravnini. Asistenca ni odvisna od izbrane prestave na menjalniku.<\/p>\n<h3><strong>Sprednja in zadnja LED lu\u010d<\/strong><\/h3>\n<p>Kolesa S-BIKES so opremljena z lu\u010dmi, ki svetijo v LED tehniki. Pri\u017egemo jih z dalj\u0161im pritiskom na stikalo <strong>(+)<\/strong>. Hkrati se vklju\u010di tudi osvetlitev potovalnega ra\u010dunalnika.<\/p>\n<h3><strong>Vklop in izklop kolesa<\/strong><\/h3>\n<p>Vklop in izklop kolesa se izvede preko stikala<strong> (M)<\/strong>. Z dalj\u0161im pritiskom kolo vklju\u010dimo in po enakem postopku tudi izklju\u010dimo. Kraj\u0161i pritisk stikala (M) omogo\u010da pomikanje po meniju potovalnega ra\u010dunalnika S-BIKES iQ.<\/p>\n<h3><strong>Kako pove\u010dati doseg kolesa S-BIKES?<\/strong><\/h3>\n<p>Kolesa S-BIKES so opremljena s sodobno elektroniko S-BIKES iQ, ki nadzira delovanje kolesa in elektro motorja, ki pomaga uporabniku pri vo\u017enji. Razli\u010dni programi vo\u017enje omogo\u010dajo tudi razli\u010den doseg in maksimalno potovalno hitrost. \u010ce \u017eelite pove\u010dati maksimalno hitrost uporabljajte programe z ve\u010d pomo\u010di motorja. Za dalj\u0161i doseg uporabljajte programe z manj pomo\u010di motorja. Ti programi elektro motor obremenjujejo manj ali le po potrebi, hkrati pa se prilagaja tudi najvi\u0161ja dose\u017eena hitrost.<\/p>\n<h3><strong>Kako pravilno vzdr\u017eevati kolo S-BIKES<\/strong><\/h3>\n<p>Elektri\u010dno kolo S-BIKES morate po nakupu in opravljenih prvih 200 km pripeljati na poobla\u0161\u010deni servis, kjer bodo ponovno nastavili glavne komponente elektri\u010dnega kolesa. Kadar se s kolesom dlje \u010dasa ne vozite, odstranite baterijo ali jo skupaj s kolesom shranite v suhem prostoru, na sobni temperaturi. Ob neuporabi baterijo na 2-3 mesece popolnoma napolnite in poskrbite, da kapaciteta ne pade pod 60% &#8211; s tem boste podalj\u0161ali njeno \u017eivljenjsko dobo.<\/p>\n<h3><strong>Kako se polni kolo S-BIKES<\/strong><\/h3>\n<p>Samo polnjenje je hitro in enostavno, preko obi\u010dajne hi\u0161ne elektri\u010dne vti\u010dnice z 220 V. Polnjenje traja do 5h, odvisno od izpraznjenosti baterije. Pri modelih F50e in C70e baterijo s klju\u010dem odklenete in jo lahko tako lo\u010dite od kolesa. Polnite jo lahko kjer koli \u017eelite. Kolo ostane parkirano v gara\u017ei, baterijo pa medtem polnite v va\u0161i dnevni sobi.[\/vc_column_text][\/vc_column][vc_column width=&#8221;1\/2&#8243;][vc_single_image image=&#8221;875&#8243; img_size=&#8221;large&#8221; add_caption=&#8221;yes&#8221;][vc_single_image image=&#8221;913&#8243; img_size=&#8221;large&#8221; add_caption=&#8221;yes&#8221;][vc_single_image image=&#8221;824&#8243; img_size=&#8221;large&#8221; add_caption=&#8221;yes&#8221;][\/vc_column][\/vc_row]<\/p>\n","protected":false},"excerpt":{"rendered":"<p>[vc_row][vc_column width=&#8221;1\/2&#8243;][vc_column_text]Za vas smo pripravili opis najpogosteje uporabljenih funkcij na kolesih S-BIKES in odgovore na najpogosteje zastavljena vpra\u0161anja. Asistenca za speljevanje v klanec Asistenco za speljevanje v klanec aktiviramo z dalj\u0161im pritiskom na stikalo (-). Kolo samodejno spelje s pomo\u010djo elektro motorja in pospe\u0161uje do hitrosti 5 km\/h. Asistenca se lahko uporablja tako pri speljevanju&hellip;<\/p>\n","protected":false},"author":1,"featured_media":0,"parent":0,"menu_order":0,"comment_status":"closed","ping_status":"closed","template":"","meta":[],"_links":{"self":[{"href":"http:\/\/sbikes.si\/si\/wp-json\/wp\/v2\/pages\/1070"}],"collection":[{"href":"http:\/\/sbikes.si\/si\/wp-json\/wp\/v2\/pages"}],"about":[{"href":"http:\/\/sbikes.si\/si\/wp-json\/wp\/v2\/types\/page"}],"author":[{"embeddable":true,"href":"http:\/\/sbikes.si\/si\/wp-json\/wp\/v2\/users\/1"}],"replies":[{"embeddable":true,"href":"http:\/\/sbikes.si\/si\/wp-json\/wp\/v2\/comments?post=1070"}],"version-history":[{"count":15,"href":"http:\/\/sbikes.si\/si\/wp-json\/wp\/v2\/pages\/1070\/revisions"}],"predecessor-version":[{"id":1395,"href":"http:\/\/sbikes.si\/si\/wp-json\/wp\/v2\/pages\/1070\/revisions\/1395"}],"wp:attachment":[{"href":"http:\/\/sbikes.si\/si\/wp-json\/wp\/v2\/media?parent=1070"}],"curies":[{"name":"wp","href":"https:\/\/api.w.org\/{rel}","templated":true}]}}