{"id":1261,"date":"2018-04-20T11:59:10","date_gmt":"2018-04-20T11:59:10","guid":{"rendered":"http:\/\/sbikes.si\/si\/?page_id=1261"},"modified":"2024-05-08T14:04:30","modified_gmt":"2024-05-08T14:04:30","slug":"elektricna-kolesa","status":"publish","type":"page","link":"http:\/\/sbikes.si\/si\/","title":{"rendered":"Elektri\u010dna kolesa"},"content":{"rendered":"[vc_row type=&#8221;vc_default&#8221; el_id=&#8221;modeli&#8221;][vc_column width=&#8221;1\/3&#8243;][vc_single_image image=&#8221;1593&#8243; img_size=&#8221;full&#8221; alignment=&#8221;center&#8221; onclick=&#8221;custom_link&#8221; css=&#8221;.vc_custom_1687506731104{margin-top: 12% !important;margin-bottom: 12% !important;}&#8221; link=&#8221;http:\/\/sbikes.si\/si\/elektricno_kolo_s-bikes_c90e_pro&#8221;]<div class=\"aio-icon-component    style_1\"><a class=\"aio-icon-box-link\" href=\"http:\/\/sbikes.si\/si\/elektricno_kolo_s-bikes_c90e_pro\" ><div id=\"Info-box-wrap-2192\" class=\"aio-icon-box default-icon\" style=\"\"  ><div class=\"aio-icon-default\"><div class=\"ult-just-icon-wrapper  \"><div class=\"align-icon\" style=\"text-align:center;\">\n<div class=\"aio-icon advanced \"  style=\"color:#ffffff;background:#333333;border-style:;border-color:#333333;border-width:1px;width:36px;height:36px;line-height:36px;border-radius:500px;font-size:18px;display:inline-block;\">\n\t<i class=\"Defaults-building-o\"><\/i>\n<\/div><\/div><\/div><\/div><div class=\"aio-icon-header\" ><h3 class=\"aio-icon-title ult-responsive\"  data-ultimate-target='#Info-box-wrap-2192 .aio-icon-title'  data-responsive-json-new='{\"font-size\":\"desktop:20px;\",\"line-height\":\"desktop:26px;\"}'  style=\"font-family:'Open Sans';font-weight:bold;\">Treking kolo C90e PRO<\/h3><\/div> <!-- header --><div class=\"aio-icon-description ult-responsive\"  data-ultimate-target='#Info-box-wrap-2192 .aio-icon-description'  data-responsive-json-new='{\"font-size\":\"desktop:14px;\",\"line-height\":\"desktop:24px;\"}'  style=\"color:#72777d;\"><p>Elektri\u010dno treking kolo S-Bikes C90e PRO je namenjeno vsakodnevni rekreacijski vo\u017enji po kakr\u0161nemkoli terenu.<\/p>\n<p>Cena: <del>2.299 EUR<br \/><\/del>Akcijska cena: <strong>2.184 EUR<\/strong><\/p>\n<p>&nbsp;<\/p><\/div> <!-- description --><\/div> <!-- aio-icon-box --><\/a><\/div> <!-- aio-icon-component --><a href=\"http:\/\/sbikes.si\/si\/elektricno_kolo_s-bikes_c90e_pro\" class=\"btn-shortcode dt-btn-m btn-link accent-btn-color title-btn-hover-color default-btn-bg-color default-btn-bg-hover-color ico-right-side anchor-link\" target=\"_blank\" id=\"dt-btn-1\"><span>Ve\u010d o C90e PRO<\/span><i class=\"fa fa-angle-right\"><\/i><\/a>[\/vc_column][vc_column width=&#8221;1\/3&#8243;][vc_single_image image=&#8221;1265&#8243; img_size=&#8221;full&#8221; alignment=&#8221;center&#8221; onclick=&#8221;custom_link&#8221; css=&#8221;.vc_custom_1524226990093{margin-top: 12% !important;margin-bottom: 12% !important;}&#8221; link=&#8221;http:\/\/sbikes.si\/si\/f50e\/&#8221;]<div class=\"aio-icon-component    style_1\"><a class=\"aio-icon-box-link\" href=\"http:\/\/sbikes.si\/si\/f50e\/\" ><div id=\"Info-box-wrap-7461\" class=\"aio-icon-box default-icon\" style=\"\"  ><div class=\"aio-icon-default\"><div class=\"ult-just-icon-wrapper  \"><div class=\"align-icon\" style=\"text-align:center;\">\n<div class=\"aio-icon advanced \"  style=\"color:#ffffff;background:#333333;border-style:;border-color:#333333;border-width:1px;width:36px;height:36px;line-height:36px;border-radius:500px;font-size:18px;display:inline-block;\">\n\t<i class=\"Defaults-bicycle\"><\/i>\n<\/div><\/div><\/div><\/div><div class=\"aio-icon-header\" ><h3 class=\"aio-icon-title ult-responsive\"  data-ultimate-target='#Info-box-wrap-7461 .aio-icon-title'  data-responsive-json-new='{\"font-size\":\"desktop:20px;\",\"line-height\":\"desktop:26px;\"}'  style=\"font-family:'Open Sans';font-weight:bold;\">Zlo\u017eljivo kolo F50e<\/h3><\/div> <!-- header --><div class=\"aio-icon-description ult-responsive\"  data-ultimate-target='#Info-box-wrap-7461 .aio-icon-description'  data-responsive-json-new='{\"font-size\":\"desktop:14px;\",\"line-height\":\"desktop:24px;\"}'  style=\"color:#72777d;\"><p>F50e\u00a0ni le elektri\u010dno kolo. Je koncept sodobne mobilnosti. Spreminja trende mobilnosti in odgovarja na potrebe dana\u0161njega \u010dasa. Zlo\u017eljivo in nepremagljivo. S sistemom S-BIKES iQ.<\/p>\n<p>Cena: <del>1599 EUR<br \/><\/del>Akcijska cena: <strong>1.496,66 EUR<\/strong><\/p><\/div> <!-- description --><\/div> <!-- aio-icon-box --><\/a><\/div> <!-- aio-icon-component --><a href=\"http:\/\/sbikes.si\/si\/f50e\/\" class=\"btn-shortcode dt-btn-m btn-link accent-btn-color title-btn-hover-color default-btn-bg-color default-btn-bg-hover-color ico-right-side anchor-link\" target=\"_blank\" id=\"dt-btn-2\"><span>Ve\u010d o F50e<\/span><i class=\"fa fa-angle-right\"><\/i><\/a><div class=\"ult-spacer spacer-69ec8cb479905\" data-id=\"69ec8cb479905\" data-height=\"70\" data-height-mobile=\"40\" data-height-tab=\"70\" data-height-tab-portrait=\"40\" data-height-mobile-landscape=\"40\" style=\"clear:both;display:block;\"><\/div>[\/vc_column][\/vc_row][vc_row type=&#8221;vc_default&#8221; equal_height=&#8221;yes&#8221; content_placement=&#8221;middle&#8221; bg_type=&#8221;bg_color&#8221; bg_override=&#8221;ex-full&#8221; css=&#8221;.vc_custom_1456939980365{background-color: #ffffff !important;}&#8221; bg_color_value=&#8221;#ffffff&#8221; el_id=&#8221;features&#8221;][vc_column css=&#8221;.vc_custom_1456743683783{padding-top: 60px !important;padding-bottom: 60px !important;}&#8221; offset=&#8221;vc_col-lg-offset-0 vc_col-lg-5 vc_col-md-offset-0 vc_col-md-6&#8243;][vc_column_text]<\/p>\n<h1>Ustvarjeni za zmagovalce.<\/h1>\n<p>[\/vc_column_text][vc_empty_space height=&#8221;30px&#8221;][vc_column_text]Nova generacija elektri\u010dnih koles S-BIKES je ustvarjena, da vas hipoma osvoji. Leta 2016 smo postavili nove standarde mobilnosti z na\u0161im prvim zlo\u017eljivim modelom. Vse od tedaj neprestano nadgrajujemo na\u0161e modele in ustvarjamo kolesa, ki navdu\u0161ujejo.<\/p>\n<p>Vizija znamke S-BIKES je ponuditi novo obliko mobilnosti in uporabnikom omogo\u010diti najbolj prijazno obliko kolesarjenja. \u0160tevilne nadvse zadovoljne stranke potrjujejo, da gremo v pravo smer. Spoznajte vse modele elektri\u010dnih koles S-BIKES.[\/vc_column_text][vc_empty_space height=&#8221;20px&#8221;]<a href=\"#!\/modeli\" class=\"btn-shortcode dt-btn-m btn-link accent-btn-color title-btn-hover-color default-btn-bg-color default-btn-bg-hover-color ico-right-side anchor-link\" id=\"dt-btn-3\"><span>Spoznaj vse modele S-BIKES<\/span><i class=\"fa fa-angle-right\"><\/i><\/a>[\/vc_column][vc_column css=&#8221;.vc_custom_1456604074007{margin-top: 0px !important;margin-right: 0px !important;margin-bottom: 0px !important;margin-left: 0px !important;border-top-width: 0px !important;border-right-width: 0px !important;border-bottom-width: 0px !important;border-left-width: 0px !important;padding-top: 0px !important;padding-right: 0px !important;padding-bottom: 0px !important;padding-left: 0px !important;}&#8221; offset=&#8221;vc_col-lg-offset-1 vc_col-lg-6 vc_col-md-offset-0 vc_col-md-6 vc_hidden-sm vc_hidden-xs&#8221;][vc_single_image image=&#8221;1501&#8243; img_size=&#8221;full&#8221;][\/vc_column][\/vc_row][vc_row anchor=&#8221;zakajekolo&#8221;][vc_column width=&#8221;1\/2&#8243;][vc_empty_space height=&#8221;20px&#8221;][vc_column_text]<\/p>\n<h2>Zakaj elektri\u010dno kolo?<\/h2>\n<p>[\/vc_column_text][vc_column_text]Sodoben na\u010din \u017eivljenja in gibanja ustvarja nove oblike prevoza. <strong>Elektri\u010dno kolo<\/strong> je tako najsodobnej\u0161i med njimi. Vo\u017enja poteka enako, kot pri obi\u010dajnem kolesu. Le da je manj naporna in hitrej\u0161a po zaslugi elektri\u010dnega motorja. Ta vam v kombinaciji s tehnologijo S-BIKES iQ pomaga hitreje in udobneje <strong>dose\u010di hitrost 25 km\/h<\/strong>. Kon\u010dno se lahko na cilj pripeljete precej hitreje in brez nepotrebnega potenja. In to s kolesom.<\/p>\n<p>Pozabite na vzpone, ki so vas do sedaj utrujali in jemali voljo do kolesarstva. Tudi mo\u010dan protiveter je po zaslugi elektri\u010dne pomo\u010di zanemarljiv. Elektri\u010dno kolo ni le prevozno sredstvo. Je znanilec <strong>nove dobe mobilnosti<\/strong> in sodobnega \u017eivljenjskega sloga. Elektri\u010dna kolesa po svetu postavljajo mo\u010dno alternativo javnemu prevozu.[\/vc_column_text][vc_empty_space height=&#8221;30px&#8221;]<a href=\"#!\/koncept\" class=\"btn-shortcode dt-btn-m btn-link accent-btn-color title-btn-hover-color default-btn-bg-color default-btn-bg-hover-color ico-right-side anchor-link\" id=\"dt-btn-4\"><span>Spoznaj koncept S-BIKES<\/span><i class=\"fa fa-angle-right\"><\/i><\/a>[vc_empty_space height=&#8221;30px&#8221;][\/vc_column][vc_column width=&#8221;1\/2&#8243;][vc_single_image image=&#8221;1117&#8243; img_size=&#8221;full&#8221; alignment=&#8221;center&#8221;][\/vc_column][\/vc_row][vc_row anchor=&#8221;koncept&#8221;][vc_column width=&#8221;1\/2&#8243;][vc_single_image image=&#8221;835&#8243; img_size=&#8221;full&#8221; alignment=&#8221;center&#8221; css=&#8221;.vc_custom_1491818095610{margin-top: 13% !important;margin-bottom: 13% !important;padding-right: 30px !important;padding-left: 30px !important;}&#8221;][\/vc_column][vc_column width=&#8221;1\/2&#8243;][vc_empty_space height=&#8221;30px&#8221;][vc_column_text]<\/p>\n<p>\u00a0<\/p>\n<p>\u00a0<\/p>\n<p>\u00a0<\/p>\n<p>\u00a0<\/p>\n<h2>Koncept S-BIKES<\/h2>\n<p>[\/vc_column_text][vc_column_text]Kolesa S-BIKES predstavljajo inovativen koncept kolesarjenja. Na glavo postavljajo, kako smo bili do sedaj navajeni uporabljati kolo. S pomo\u010djo zmogljivih elektro motorjev nam namre\u010d omogo\u010dajo vo\u017enjo in vzpone brez napora. S kolesi S-BIKES tako hitro dose\u017eemo \u017eeleno potovalno hitrost 25 km\/h. S pomo\u010djo uporabni\u0161kega vmesnika s potovalnim ra\u010dunalnikom in naprednim sistemom S-BIKES iQ lahko dolo\u010damo ve\u010d stopenj delovanja elektri\u010dne podpore. Pospe\u0161ek, ki ga z elektri\u010dnimi kolesi dose\u017eete, vam bodo zavidali tudi profesionalni kolesarji. \u0160portni na\u010din vam omogo\u010da maksimalno zmogljivost in izjemne pospe\u0161ke. Na drugi strani vam program ECO omogo\u010da maksimalni domet z enim polnjenjem. Samo polnjenje je hitro in enostavno, saj poteka preko obi\u010dajne hi\u0161ne elektri\u010dne vti\u010dnice.[\/vc_column_text]<a href=\"#!\/prednosti\" class=\"btn-shortcode dt-btn-m btn-link accent-btn-color title-btn-hover-color default-btn-bg-color default-btn-bg-hover-color ico-right-side anchor-link\" id=\"dt-btn-5\"><span>Zakaj so kolesa S-BIKES tako posebna?<\/span><i class=\"fa fa-angle-right\"><\/i><\/a>[vc_empty_space height=&#8221;30px&#8221;][\/vc_column][\/vc_row][vc_row type=&#8221;vc_default&#8221; equal_height=&#8221;yes&#8221; content_placement=&#8221;middle&#8221; ult_hide_row=&#8221;ult_hide_row_value&#8221; ult_hide_row_tablet=&#8221;tablet&#8221; ult_hide_row_tablet_small=&#8221;xs_tablet&#8221; ult_hide_row_mobile=&#8221;mobile&#8221; ult_hide_row_mobile_large=&#8221;xl_mobile&#8221; css=&#8221;.vc_custom_1497261920319{padding-right: 60px !important;padding-left: 60px !important;}&#8221; el_class=&#8221;hide-mobile-paddings&#8221; el_id=&#8221;prednosti&#8221;][vc_column css=&#8221;.vc_custom_1491382013265{margin-top: 0px !important;margin-right: 0px !important;margin-bottom: 0px !important;margin-left: 0px !important;border-top-width: 0px !important;border-right-width: 0px !important;border-bottom-width: 0px !important;border-left-width: 0px !important;padding-top: 0px !important;padding-right: 0px !important;padding-bottom: 0px !important;padding-left: 0px !important;}&#8221; offset=&#8221;vc_col-lg-6 vc_col-md-6&#8243;][vc_empty_space height=&#8221;30px&#8221;][vc_column_text]<\/p>\n<h2>Zakaj so kolesa S-BIKES tako posebna?<\/h2>\n<p>[\/vc_column_text][vc_column_text]Najve\u010dja posebnost koles S-BIKES je elektronika, ki nadzira delovanje kolesa. Imenujemo jo<strong> S-BIKES iQ<\/strong>\u00a0in predstavlja mo\u017egane koles S-BIKES. S pomo\u010djo tipal zaznava stanje kolesa in komunicira z elektro motorjem, ki dolo\u010da mo\u010d elektri\u010dne pomo\u010di. Sistem je nadgradnja prve generacije (system ECO-SPORT) in omogo\u010da \u0161e bolj teko\u010do vo\u017enjo ter optimiziran domet.[\/vc_column_text]<a href=\"#!\/modeli\" class=\"btn-shortcode dt-btn-m btn-link accent-btn-color title-btn-hover-color default-btn-bg-color default-btn-bg-hover-color ico-right-side anchor-link\" id=\"dt-btn-6\"><span>Spoznaj vse modele S-BIKES<\/span><i class=\"fa fa-angle-right\"><\/i><\/a>[\/vc_column][vc_column css=&#8221;.vc_custom_1456670657896{margin-top: 0px !important;margin-right: 0px !important;margin-bottom: 0px !important;margin-left: 0px !important;border-top-width: 0px !important;border-right-width: 0px !important;border-bottom-width: 0px !important;border-left-width: 0px !important;padding-top: 40px !important;padding-right: 0px !important;padding-bottom: 60px !important;padding-left: 0px !important;}&#8221; offset=&#8221;vc_col-lg-offset-1 vc_col-lg-4 vc_col-md-offset-1 vc_col-md-5 vc_col-sm-offset-0&#8243;]<div id=\"ult-carousel-81427389069ec8cb47a0a1\" class=\"ult-carousel-wrapper  vc_custom_1491818555426  ult_horizontal\" data-gutter=\"15\" data-rtl=\"false\" ><div class=\"ult-carousel-104114584669ec8cb479dbe \" ><div class=\"ult-item-wrap\" data-animation=\"animated no-animation\"><div class=\"ult-content-box-container \" >\t\t<div class=\"ult-content-box\" style=\"-webkit-transition: all 700ms ease;-moz-transition: all 700ms ease;-ms-transition: all 700ms ease;-o-transition: all 700ms ease;transition: all 700ms ease;\"    >[vc_single_image image=&#8221;800&#8243; img_size=&#8221;360 \u00d7 400&#8243; alignment=&#8221;center&#8221;][vc_column_text css=&#8221;.vc_custom_1491381968877{padding-top: 30px !important;padding-bottom: 20px !important;}&#8221; el_class=&#8221;product-small-text&#8221;]<\/p>\n<p style=\"text-align: center;\">Senzorji za <strong>nadzor vrtenja pedal<\/strong> so del sistema <strong>S-BIKES iQ<\/strong>.<\/p>\n<p>[\/vc_column_text]\t\t<\/div><\/div><\/div><div class=\"ult-item-wrap\" data-animation=\"animated no-animation\"><div class=\"ult-content-box-container \" >\t\t<div class=\"ult-content-box\" style=\"-webkit-transition: all 700ms ease;-moz-transition: all 700ms ease;-ms-transition: all 700ms ease;-o-transition: all 700ms ease;transition: all 700ms ease;\"    >[vc_single_image image=&#8221;801&#8243; img_size=&#8221;full&#8221; alignment=&#8221;center&#8221;][vc_column_text css=&#8221;.vc_custom_1496325007015{padding-top: 30px !important;padding-bottom: 20px !important;}&#8221; el_class=&#8221;product-small-text&#8221;]<\/p>\n<p style=\"text-align: center;\">Odli\u010den menjalnik<strong> SHIMANO\u00a0<\/strong>za udobno vo\u017enjo in enostavno uporabo koles S-BIKES.<\/p>\n<p>[\/vc_column_text]\t\t<\/div><\/div><\/div><div class=\"ult-item-wrap\" data-animation=\"animated no-animation\"><div class=\"ult-content-box-container \" >\t\t<div class=\"ult-content-box\" style=\"-webkit-transition: all 700ms ease;-moz-transition: all 700ms ease;-ms-transition: all 700ms ease;-o-transition: all 700ms ease;transition: all 700ms ease;\"    >[vc_single_image image=&#8221;802&#8243; img_size=&#8221;full&#8221; alignment=&#8221;center&#8221;][vc_column_text css=&#8221;.vc_custom_1491382109450{padding-top: 30px !important;padding-bottom: 20px !important;}&#8221; el_class=&#8221;product-small-text&#8221;]<\/p>\n<p style=\"text-align: center;\">Upravljanje sistema S-BIKES iQ je izjemno preprosto.<\/p>\n<p>[\/vc_column_text]\t\t<\/div><\/div><\/div><\/div><\/div>            <script type=\"text\/javascript\">\r\n\t\t\t\tjQuery(document).ready(function($){\r\n               \t\t$('.ult-carousel-104114584669ec8cb479dbe').slick({dots: true,autoplay: true,autoplaySpeed: 5000,speed: 600,infinite: true,arrows: true,nextArrow: '<button type=\"button\" style=\"color:#333333; font-size:28px;\" class=\"slick-next default\"><i class=\"ultsl-arrow-right6\"><\/i><\/button>',prevArrow: '<button type=\"button\" style=\"color:#333333; font-size:28px;\" class=\"slick-prev default\"><i class=\"ultsl-arrow-left6\"><\/i><\/button>',slidesToScroll:1,slidesToShow:1,swipe: true,draggable: true,touchMove: true,responsive: [\r\n\t\t\t\t\t\t\t{\r\n\t\t\t\t\t\t\t  breakpoint: 1025,\r\n\t\t\t\t\t\t\t  settings: {\r\n\t\t\t\t\t\t\t\tslidesToShow: 1,\r\n\t\t\t\t\t\t\t\tslidesToScroll: 1,  \r\n\t\t\t\t\t\t\t  }\r\n\t\t\t\t\t\t\t},\r\n\t\t\t\t\t\t\t{\r\n\t\t\t\t\t\t\t  breakpoint: 769,\r\n\t\t\t\t\t\t\t  settings: {\r\n\t\t\t\t\t\t\t\tslidesToShow: 1,\r\n\t\t\t\t\t\t\t\tslidesToScroll: 1\r\n\t\t\t\t\t\t\t  }\r\n\t\t\t\t\t\t\t},\r\n\t\t\t\t\t\t\t{\r\n\t\t\t\t\t\t\t  breakpoint: 481,\r\n\t\t\t\t\t\t\t  settings: {\r\n\t\t\t\t\t\t\t\tslidesToShow: 1,\r\n\t\t\t\t\t\t\t\tslidesToScroll: 1\r\n\t\t\t\t\t\t\t  }\r\n\t\t\t\t\t\t\t}\r\n\t\t\t\t\t\t],pauseOnHover: true,\r\n\t\t\t\t\t\tpauseOnDotsHover: true,customPaging: function(slider, i) {\r\n                   return '<i type=\"button\" style=\"color:#333333;\" class=\"ultsl-record\" data-role=\"none\"><\/i>';\r\n                },});\r\n\t\t\t\t});\r\n\t\t\t<\/script>\r\n            [\/vc_column][\/vc_row][vc_row][vc_column width=&#8221;1\/2&#8243;][vc_column_text]<\/p>\n<h2>Generalni zastopnik:<\/h2>\n<h3><strong>\u0160pan d.o.o.<\/strong><\/h3>\n<p>Tr\u017ea\u0161ka 547<br \/>1351 Brezovica pri Ljubljani<br \/>01 365 81 46<\/p>\n<h3><strong>Kolesarski center \u0160pan<\/strong><\/h3>\n<p>Tr\u017ea\u0161ka 547<strong><br \/><\/strong>1351 Brezovica pri Ljubljani<br \/>t: 01 365 80 94<br \/>e:\u00a0<a href=\"mailto:trgovina.koles@span.si\">trgovina.koles@span.si<\/a>[\/vc_column_text][\/vc_column][vc_column width=&#8221;1\/2&#8243;][vc_gmaps link=&#8221;#E-8_JTNDaWZyYW1lJTIwc3JjJTNEJTIyaHR0cHMlM0ElMkYlMkZ3d3cuZ29vZ2xlLmNvbSUyRm1hcHMlMkZlbWJlZCUzRnBiJTNEJTIxMW0xOCUyMTFtMTIlMjExbTMlMjExZDI3NzAuMzk3MzQwMjM2MzIxMyUyMTJkMTQuNDA5NTk4MzE1ODIxNDU1JTIxM2Q0Ni4wMjMyMTk5NzkxMTE1NCUyMTJtMyUyMTFmMCUyMTJmMCUyMTNmMCUyMTNtMiUyMTFpMTAyNCUyMTJpNzY4JTIxNGYxMy4xJTIxM20zJTIxMW0yJTIxMXMweDQ3N2FkMzAzZTg0YWJhMzklMjUzQTB4ZTg2OTlhOTY0NmM5MmQ4MiUyMTJzQXZ0b2NlbnRlciUyQiUyNUM1JTI1QTBwYW4lMkItJTJCdnNlJTJCemElMkJhdnRvJTJCbmElMkJlbmVtJTJCbWVzdHUlMjE1ZTAlMjEzbTIlMjExc3NsJTIxMnNzaSUyMTR2MTQ5NzI2MTgzNDU2MyUyMiUyMHdpZHRoJTNEJTIyNjAwJTIyJTIwaGVpZ2h0JTNEJTIyNDUwJTIyJTIwZnJhbWVib3JkZXIlM0QlMjIwJTIyJTIwc3R5bGUlM0QlMjJib3JkZXIlM0EwJTIyJTIwYWxsb3dmdWxsc2NyZWVuJTNFJTNDJTJGaWZyYW1lJTNF&#8221;][\/vc_column][\/vc_row][vc_row][vc_column][vc_column_text]<\/p>\n\n\n<p><\/p>\n\n\n<p>[\/vc_column_text][\/vc_column][\/vc_row]","protected":false},"excerpt":{"rendered":"<p>[vc_row type=&#8221;vc_default&#8221; el_id=&#8221;modeli&#8221;][vc_column width=&#8221;1\/3&#8243;][vc_single_image image=&#8221;1593&#8243; img_size=&#8221;full&#8221; alignment=&#8221;center&#8221; onclick=&#8221;custom_link&#8221; css=&#8221;.vc_custom_1687506731104{margin-top: 12% !important;margin-bottom: 12% !important;}&#8221; link=&#8221;http:\/\/sbikes.si\/si\/elektricno_kolo_s-bikes_c90e_pro&#8221;][\/vc_column][vc_column width=&#8221;1\/3&#8243;][vc_single_image image=&#8221;1265&#8243; img_size=&#8221;full&#8221; alignment=&#8221;center&#8221; onclick=&#8221;custom_link&#8221; css=&#8221;.vc_custom_1524226990093{margin-top: 12% !important;margin-bottom: 12% !important;}&#8221; link=&#8221;http:\/\/sbikes.si\/si\/f50e\/&#8221;][\/vc_column][\/vc_row][vc_row type=&#8221;vc_default&#8221; equal_height=&#8221;yes&#8221; content_placement=&#8221;middle&#8221; bg_type=&#8221;bg_color&#8221; bg_override=&#8221;ex-full&#8221; css=&#8221;.vc_custom_1456939980365{background-color: #ffffff !important;}&#8221; bg_color_value=&#8221;#ffffff&#8221; el_id=&#8221;features&#8221;][vc_column css=&#8221;.vc_custom_1456743683783{padding-top: 60px !important;padding-bottom: 60px !important;}&#8221; offset=&#8221;vc_col-lg-offset-0 vc_col-lg-5 vc_col-md-offset-0 vc_col-md-6&#8243;][vc_column_text] Ustvarjeni za zmagovalce. [\/vc_column_text][vc_empty_space height=&#8221;30px&#8221;][vc_column_text]Nova generacija elektri\u010dnih koles S-BIKES je ustvarjena,&hellip;<\/p>\n","protected":false},"author":1,"featured_media":0,"parent":0,"menu_order":0,"comment_status":"closed","ping_status":"closed","template":"template-microsite.php","meta":[],"_links":{"self":[{"href":"http:\/\/sbikes.si\/si\/wp-json\/wp\/v2\/pages\/1261"}],"collection":[{"href":"http:\/\/sbikes.si\/si\/wp-json\/wp\/v2\/pages"}],"about":[{"href":"http:\/\/sbikes.si\/si\/wp-json\/wp\/v2\/types\/page"}],"author":[{"embeddable":true,"href":"http:\/\/sbikes.si\/si\/wp-json\/wp\/v2\/users\/1"}],"replies":[{"embeddable":true,"href":"http:\/\/sbikes.si\/si\/wp-json\/wp\/v2\/comments?post=1261"}],"version-history":[{"count":68,"href":"http:\/\/sbikes.si\/si\/wp-json\/wp\/v2\/pages\/1261\/revisions"}],"predecessor-version":[{"id":1663,"href":"http:\/\/sbikes.si\/si\/wp-json\/wp\/v2\/pages\/1261\/revisions\/1663"}],"wp:attachment":[{"href":"http:\/\/sbikes.si\/si\/wp-json\/wp\/v2\/media?parent=1261"}],"curies":[{"name":"wp","href":"https:\/\/api.w.org\/{rel}","templated":true}]}}