{"id":1513,"date":"2023-06-22T14:05:39","date_gmt":"2023-06-22T14:05:39","guid":{"rendered":"http:\/\/sbikes.si\/si\/?page_id=1513"},"modified":"2024-05-08T14:05:38","modified_gmt":"2024-05-08T14:05:38","slug":"elektricno_kolo_s-bikes_c90e_pro","status":"publish","type":"page","link":"http:\/\/sbikes.si\/si\/elektricno_kolo_s-bikes_c90e_pro\/","title":{"rendered":"C90e PRO"},"content":{"rendered":"[vc_row type=&#8221;vc_default&#8221; equal_height=&#8221;yes&#8221; content_placement=&#8221;middle&#8221; bg_type=&#8221;bg_color&#8221; bg_override=&#8221;ex-full&#8221; css=&#8221;.vc_custom_1456939980365{background-color: #ffffff !important;}&#8221; bg_color_value=&#8221;#ffffff&#8221; el_id=&#8221;features&#8221;][vc_column css=&#8221;.vc_custom_1632222228574{padding-top: 60px !important;padding-bottom: 20px !important;}&#8221; offset=&#8221;vc_col-lg-offset-0 vc_col-lg-5 vc_col-md-offset-0 vc_col-md-6&#8243;][vc_empty_space height=&#8221;20px&#8221;][vc_column_text]<p><span style=\"color: #ff0000;\"><strong>C90e PRO iz dru\u017eine S-BIKES.\u00a0<\/strong><\/span><\/p>[\/vc_column_text][vc_empty_space height=&#8221;12px&#8221;][vc_column_text]<p>Elektri\u010dna mobilnost je nova vsakdanjost mestnih sredi\u0161\u010d, C90e pa je ustvarjen, da vas udobno, odlo\u010dno in zanesljivo odpelje iz mesta na raziskovanje \u010dudovite narave. Je robusten in eleganten hkrati.<\/p>\n<p>Okvir z nizkim vstopom in \u0161iroki pla\u0161\u010di omogo\u010dajo lahkotno vo\u017enjo in vodljivost na \u0161e tako razdrapani podlagi. Gel sede\u017e in vzmetena prednja vilica pa medtem skrbita za udobje. Hkrati pa s 16Ah zmogljivo in elegantno zakrito Samsungovo baterijo odli\u010dno prikriva svojo divjo naravo. Tih, centralno ume\u0161\u010den 36V in 250 W motor zmore \u0161e tako strme vzpone in mehko podlago tudi ob nizki kadenci.<\/p>\n<p>Cena: <del>2.299 EUR,00<br \/><\/del>Akcijska cena: <strong>2.184 EUR<\/strong><\/p>[\/vc_column_text][\/vc_column][vc_column css=&#8221;.vc_custom_1456604074007{margin-top: 0px !important;margin-right: 0px !important;margin-bottom: 0px !important;margin-left: 0px !important;border-top-width: 0px !important;border-right-width: 0px !important;border-bottom-width: 0px !important;border-left-width: 0px !important;padding-top: 0px !important;padding-right: 0px !important;padding-bottom: 0px !important;padding-left: 0px !important;}&#8221; offset=&#8221;vc_col-lg-offset-1 vc_col-lg-6 vc_col-md-offset-0 vc_col-md-6 vc_hidden-sm vc_hidden-xs&#8221;][vc_single_image image=&#8221;1631&#8243; img_size=&#8221;full&#8221; alignment=&#8221;center&#8221; onclick=&#8221;link_image&#8221;][\/vc_column][\/vc_row][vc_row anchor=&#8221;lastnosti&#8221;][vc_column width=&#8221;1\/2&#8243;][vc_column_text]<\/p>\n<h2>Lastnosti, ki prepri\u010dajo.<\/h2>\n<p>[\/vc_column_text][vc_column_text]<p>Elektri\u010dno kolo C90e PRO vas bo prepri\u010dalo, ker navdu\u0161uje z:<\/p>\n<ul>\n<li>Enostavno vstopanje zaradi <strong>izjemno nizke vstopne vi\u0161ine.<\/strong><\/li>\n<li><strong>Velik navor motorja tudi pri po\u010dasnem poganjanju pedal.<\/strong><\/li>\n<li>Vrhunska uporabni\u0161ka izku\u0161nja \u2013 <strong>preprosto upravljanje in vo\u017enja<\/strong>.<\/li>\n<li>Najudobnej\u0161e terensko elektri\u010dno kolo s prednjim vzmetenjem in <strong>vzmetenim gel sede\u017eem<\/strong>. Prilagodljivo krmilo omogo\u010da optimalno namestitev za razli\u010dne velikosti.<\/li>\n<li>Nov 36V \/ 250W \/ 90Nm motor <strong>FIVE 90<\/strong> \u2013 vrhunski elektro motor.<\/li>\n<li>S-BIKES iQ za preprosto upravljanje z energijo in <strong>5. stopnjami pomo\u010di<\/strong>.<\/li>\n<li>Robustnost in eleganca sta zdru\u017eena v eno \u2013 okvir <strong>s skrito baterijo<\/strong> in nezamenljivim S-BIKES oblikovanjem.<\/li>\n<li><strong>Bogata serijska oprema\u00a0<\/strong>&#8211;\u00a0 prtlja\u017enik, blatniki, prednji in zadnji odsevnik, odsevniki na pedalih in kolesih.<\/li>\n<li>S serijsko opremo tehta samo <strong>24 kg<\/strong>.<\/li>\n<li>Visoko zmogljive<strong> hidravli\u010dne zavore <\/strong>s perforiranimi diski spredaj in zadaj omogo\u010dajo hitro in u\u010dinkovito zaviranje brez napora.<\/li>\n<li>Doseg kolesa je <strong>100 km v EKO na\u010dinu, <\/strong>ki ga zlahka prese\u017eete tudi za 20 km.<\/li>\n<li>Pla\u0161\u010di <strong>Kenda <\/strong><strong>28&#8243; <\/strong><span class=\"Y2IQFc\" lang=\"sl\">zdru\u017euje najvi\u0161jo stopnjo udobja s sodobnim dizajnom in varno zmogljivostjo.<\/span><\/li>\n<\/ul>[\/vc_column_text][vc_empty_space height=&#8221;45px&#8221;]<a href=\"#nakup\" class=\"btn-shortcode dt-btn-m btn-link accent-btn-color title-btn-hover-color default-btn-bg-color default-btn-bg-hover-color fadeIn animate-element animation-builder ico-right-side anchor-link\" id=\"dt-btn-1\"><span>Kupite S-BIKES z brezpla\u010dno dostavo<\/span><i class=\"fa fa-angle-right\"><\/i><\/a>[\/vc_column][vc_column width=&#8221;1\/2&#8243;][vc_single_image image=&#8221;1618&#8243; img_size=&#8221;full&#8221; alignment=&#8221;right&#8221; onclick=&#8221;link_image&#8221; lazy_loading=&#8221;true&#8221;][\/vc_column][vc_column][\/vc_column][\/vc_row][vc_row anchor=&#8221;zakajekolo&#8221;][vc_column width=&#8221;1\/2&#8243;][vc_column_text]<\/p>\n<h2>Zakaj izbrati elektri\u010dno kolo?<\/h2>\n<p>[\/vc_column_text][vc_column_text]Sodoben na\u010din \u017eivljenja in gibanja ustvarja nove oblike prevoza. <strong>Elektri\u010dno kolo<\/strong> je tako najsodobnej\u0161i med njimi. Tehnika vo\u017enje je enaka, kot pri obi\u010dajnem kolesu, le manj naporna in hitrej\u0161a po zaslugi elektri\u010dnega motorja. Ta vam v kombinaciji s tehnologijo S-BIKES iQ pomaga hitreje in udobneje <strong>dose\u010di hitrost 25 km\/h<\/strong>. Kon\u010dno se lahko na cilj pripeljete precej hitreje in brez nepotrebnega potenja. In to s kolesom.<\/p>\n<p>Pozabite na naporne klance, ki so vas do sedaj utrujali in vam jemali voljo do kolesarstva. Tudi mo\u010dan proti veter je po zaslugi elektri\u010dne pomo\u010di zanemarljiv. Elektri\u010dno kolo ni le prevozno sredstvo. Je znanilec <strong>nove dobe mobilnosti<\/strong> in sodobnega \u017eivljenjskega sloga. Elektri\u010dna kolesa po svetu postavljajo mo\u010dno alternativo javnemu prevozu in vo\u017enji z avtomobili.[\/vc_column_text][vc_empty_space height=&#8221;30px&#8221;]<a href=\"#!\/polnjenje\" class=\"btn-shortcode dt-btn-m btn-link accent-btn-color title-btn-hover-color default-btn-bg-color default-btn-bg-hover-color ico-right-side anchor-link\" id=\"dt-btn-2\"><span>Kako se polni baterija?<\/span><i class=\"fa fa-angle-right\"><\/i><\/a>[vc_empty_space height=&#8221;45px&#8221;][\/vc_column][vc_column width=&#8221;1\/2&#8243;][vc_empty_space height=&#8221;30px&#8221;][vc_single_image image=&#8221;1520&#8243; img_size=&#8221;full&#8221; alignment=&#8221;right&#8221; onclick=&#8221;link_image&#8221;][\/vc_column][\/vc_row][vc_row anchor=&#8221;polnjenje&#8221;][vc_column width=&#8221;1\/2&#8243;][vc_single_image image=&#8221;1522&#8243; img_size=&#8221;full&#8221; alignment=&#8221;center&#8221; onclick=&#8221;link_image&#8221; css=&#8221;.vc_custom_1687519637463{margin-top: 2% !important;margin-bottom: 13% !important;padding-right: 30px !important;padding-left: 30px !important;}&#8221;][\/vc_column][vc_column width=&#8221;1\/2&#8243;][vc_column_text]<\/p>\n<h2 id=\"polnjenje\">Kako se napolni baterija?<\/h2>\n<p>[\/vc_column_text][vc_column_text]Polnjenje baterije je hitro in enostavno, preko obi\u010dajne hi\u0161ne elektri\u010dne vti\u010dnice z napetostjo 230V. Polnjenje traja do 8h, odvisno od izpraznjenosti baterije. Polnilnik baterije ima vgrajeno tudi funkcijo ohranjanja baterije, tako da vas kolo vedno pri\u010daka pripravljeno. Doseg kolesa s polno baterijo je lahko tudi do 100 km*.<\/p>\n<p>Zmogljivost baterije: <strong>16 Ah<br><\/strong>Proizvajalec baterije: <strong>Samsung<\/strong><\/p>\n<p><strong>*<\/strong>Avtonomije se razlikujejo glede na naslednje dejavnike: izbrana raven pomo\u010di, dol\u017eina in strmina pobo\u010dij, podlaga cesti\u0161\u010da, smer vetra, te\u017ea kolesarja in temperature.[\/vc_column_text][vc_empty_space height=&#8221;30px&#8221;]<a href=\"#!\/iq\" class=\"btn-shortcode dt-btn-m btn-link accent-btn-color title-btn-hover-color default-btn-bg-color default-btn-bg-hover-color ico-right-side anchor-link\" id=\"dt-btn-3\"><span>Kaj je S-BIKES iQ?<\/span><i class=\"fa fa-angle-right\"><\/i><\/a>[\/vc_column][\/vc_row][vc_row anchor=&#8221;iq&#8221;][vc_column width=&#8221;1\/2&#8243;][vc_column_text]<\/p>\n<h2 id=\"iq\">S-BIKES iQ<\/h2>\n<p>[\/vc_column_text][vc_column_text]Kolesa S-BIKES so opremljena s <strong>sodobno elektroniko S-BIKES iQ<\/strong>, ki nadzira delovanje kolesa in elektro motorja, ki pomaga uporabniku pri vo\u017enji. Razli\u010dni programi pomo\u010di omogo\u010dajo tudi razli\u010den doseg in maksimalno potovalno hitrost. Ve\u010djo maksimalno hitrost je mogo\u010de dose\u010di s programi z ve\u010d pomo\u010di. Ve\u010djo razdaljo pa s programi z manj pomo\u010di motorja.<\/p>\n<p>Nova generacija sistema S-BIKES iQ je bila razvita v sodelovanju s proizvajalcem motorjev BAFANG, ki velja za vodilnega na podro\u010dju razvoja elektri\u010dnih motorjev. Elektronika <strong>izklaplja motor ob zaviranju<\/strong> in <strong>samodejno prilagaja mo\u010d motorja<\/strong> glede na hitrost vrtenja pedal. Za optimalno delovanje in najbolj enostavno kolesarjenje skrbi kontrolna enota, ki nenehno prera\u010dunava podatke iz senzorjev v gonilki in v zavorah. Hitro in neopazno za uporabnika. Da je va\u0161a uporabni\u0161ka izku\u0161nja lahko res najbolj\u0161a.[\/vc_column_text][vc_empty_space height=&#8221;30px&#8221;]<a href=\"#info\" class=\"btn-shortcode dt-btn-m btn-link accent-btn-color title-btn-hover-color default-btn-bg-color default-btn-bg-hover-color ico-right-side anchor-link\" id=\"dt-btn-4\"><span>O znamki S-BIKES<\/span><i class=\"fa fa-angle-right\"><\/i><\/a>[\/vc_column][vc_column width=&#8221;1\/2&#8243;][vc_empty_space height=&#8221;30px&#8221;][vc_single_image image=&#8221;1524&#8243; img_size=&#8221;full&#8221; alignment=&#8221;center&#8221; onclick=&#8221;link_image&#8221; css=&#8221;.vc_custom_1687519670410{margin-top: 13% !important;margin-bottom: 13% !important;padding-right: 30px !important;padding-left: 30px !important;}&#8221;][\/vc_column][\/vc_row][vc_row anchor=&#8221;info&#8221;][vc_column width=&#8221;1\/2&#8243;][vc_single_image image=&#8221;1186&#8243; img_size=&#8221;full&#8221; alignment=&#8221;center&#8221; css=&#8221;.vc_custom_1523523600336{margin-top: 13% !important;margin-bottom: 13% !important;padding-right: 30px !important;padding-left: 30px !important;}&#8221;][\/vc_column][vc_column width=&#8221;1\/2&#8243;][vc_empty_space height=&#8221;30px&#8221;][vc_column_text]<\/p>\n<h2 id=\"info\">Kolesa S-BIKES<\/h2>\n<p>[\/vc_column_text][vc_column_text]<p><strong>S-BIKES<\/strong> je slovenska blagovna znamka podjetja <strong>\u0160pan d.o.o.<\/strong> Vsa kolesa <strong>S-BIKES<\/strong> so narejena po strogih standardih in so rezultat \u0161tevilnih tehni\u010dnih ter programskih inovacij. Pri razvoju koles \u017eelimo slediti samo enemu cilju: strankam ponuditi najbolj\u0161o uporabni\u0161ko izku\u0161njo. \u0160tevilne zadovoljne stranke blagovno znamko <strong>S-BIKES<\/strong> postavljajo med najbolj prepoznavne v na\u0161i regiji na svojem podro\u010dju. Kolesa S-BIKES nastajajo na proizvodni liniji skupaj s kolesi priznanih blagovnih znamk.<\/p>[\/vc_column_text]<a href=\"#oprema\" class=\"btn-shortcode dt-btn-m btn-link accent-btn-color title-btn-hover-color default-btn-bg-color default-btn-bg-hover-color ico-right-side anchor-link\" id=\"dt-btn-5\"><span>Kak\u0161na je oprema?<\/span><i class=\"fa fa-angle-right\"><\/i><\/a>[vc_empty_space height=&#8221;30px&#8221;][\/vc_column][\/vc_row][vc_row anchor=&#8221;oprema&#8221;][vc_column width=&#8221;1\/2&#8243;][vc_column_text]<\/p>\n<h2 id=\"oprema\">Serijska oprema C90e PRO:<\/h2>\n<p>[\/vc_column_text][vc_column_text]<ul>\n<li>Visoko zmogljive hidravli\u010dne zavore s perforiranimi diski spredaj in zadaj,<\/li>\n<li>lahka 28&#8221; aluminijasta plati\u0161\u010da,<\/li>\n<li>prednje vzmetenje SUNTOUR s centralno vzmetjo in hodom 63 mm,<\/li>\n<li>prilagodljivo krmilo omogo\u010da optimalno namestitev vi\u0161ine in kota krmila,<\/li>\n<li>elektro motor 36V \/ 250W motor FIVE F90 z omejitvijo hitrosti na 25 km\/h,<\/li>\n<li>7 stopenjski menjalnik SHIMANO TOURNEY.<\/li>\n<li>integrirana baterija Samsung (36V) s 16 Ah in z dosegom 100 km,<\/li>\n<li>LCD potovalni ra\u010dunalnik s 5 stopnjami pomo\u010di + asistenco pri hoji,<\/li>\n<li>zanesljive pnevmatike Kenda 28&#8243;,<\/li>\n<li>opozorilni zvonec,<\/li>\n<li>zadnji prtlja\u017enik z nosilnostjo 15 kg,<\/li>\n<li>LED zadnje in prednje lu\u010di z odsevnikom,<\/li>\n<li>po vi\u0161ini prilagodljiv komfortni gel sede\u017e,<\/li>\n<li>prilagodljiva opora kolesa (ta\u010dka),<\/li>\n<li>aluminijast okvir kolesa S-BIKES C90e PRO z nosilnostjo 100 kg,<\/li>\n<li>skupna te\u017ea kolesa z opremo: 25 kg.<\/li>\n<\/ul>[\/vc_column_text][vc_empty_space height=&#8221;30px&#8221;][\/vc_column][vc_column width=&#8221;1\/2&#8243;][vc_empty_space height=&#8221;55px&#8221;][vc_single_image image=&#8221;1517&#8243; img_size=&#8221;full&#8221; alignment=&#8221;center&#8221; onclick=&#8221;link_image&#8221;]<div class=\"text-centered\"><a href=\"#nakup\" class=\"btn-shortcode dt-btn-m btn-link accent-btn-color title-btn-hover-color default-btn-bg-color default-btn-bg-hover-color fadeIn animate-element animation-builder ico-right-side anchor-link\" id=\"dt-btn-6\"><span>Kupite S-BIKES z brezpla\u010dno dostavo<\/span><i class=\"fa fa-angle-right\"><\/i><\/a><\/div>[\/vc_column][\/vc_row][vc_row anchor=&#8221;nakup&#8221;][vc_column width=&#8221;1\/2&#8243;][vc_column_text]<\/p>\n<h2 id=\"nakup\">Spletni nakup<\/h2>\n<p>[\/vc_column_text][vc_column_text]Veseli nas, da ste se odlo\u010dili za nakup kolesa S-BIKES C90e. Izpolnite spodaj \u017eelene podatke in izkoristite brezpla\u010dno dostavo na va\u0161 dom.[\/vc_column_text]<div role=\"form\" class=\"wpcf7\" id=\"wpcf7-f996-o1\" lang=\"en-US\" dir=\"ltr\">\n<div class=\"screen-reader-response\"><\/div>\n<form action=\"\/si\/wp-json\/wp\/v2\/pages\/1513#wpcf7-f996-o1\" method=\"post\" class=\"wpcf7-form\" novalidate=\"novalidate\">\n<div style=\"display: none;\">\n<input type=\"hidden\" name=\"_wpcf7\" value=\"996\" \/>\n<input type=\"hidden\" name=\"_wpcf7_version\" value=\"5.0.2\" \/>\n<input type=\"hidden\" name=\"_wpcf7_locale\" value=\"en_US\" \/>\n<input type=\"hidden\" name=\"_wpcf7_unit_tag\" value=\"wpcf7-f996-o1\" \/>\n<input type=\"hidden\" name=\"_wpcf7_container_post\" value=\"0\" \/>\n<\/div>\n<p>Podatki o kupcu:<br \/>\n<label> Va\u0161e ime in priimek:<br \/>\n    <span class=\"wpcf7-form-control-wrap your-name\"><input type=\"text\" name=\"your-name\" value=\"\" size=\"40\" class=\"wpcf7-form-control wpcf7-text wpcf7-validates-as-required\" aria-required=\"true\" aria-invalid=\"false\" \/><\/span> <\/label><\/p>\n<p><label> Va\u0161 elektronski naslov:<br \/>\n    <span class=\"wpcf7-form-control-wrap your-email\"><input type=\"email\" name=\"your-email\" value=\"\" size=\"40\" class=\"wpcf7-form-control wpcf7-text wpcf7-email wpcf7-validates-as-required wpcf7-validates-as-email\" aria-required=\"true\" aria-invalid=\"false\" \/><\/span> <\/label><\/p>\n<p><label> Va\u0161 naslov:<br \/>\n<span class=\"wpcf7-form-control-wrap naslov\"><input type=\"text\" name=\"naslov\" value=\"\" size=\"40\" class=\"wpcf7-form-control wpcf7-text\" aria-invalid=\"false\" \/><\/span><\/label><\/p>\n<p><label> Va\u0161 telefon:<br \/>\n<span class=\"wpcf7-form-control-wrap telefon\"><input type=\"tel\" name=\"telefon\" value=\"\" size=\"40\" class=\"wpcf7-form-control wpcf7-text wpcf7-tel wpcf7-validates-as-tel\" aria-invalid=\"false\" \/><\/span><\/label><\/p>\n<p><label> Mo\u017enost prevzema:<br \/>\n<span class=\"wpcf7-form-control-wrap dostava\"><select name=\"dostava\" class=\"wpcf7-form-control wpcf7-select wpcf7-validates-as-required\" aria-required=\"true\" aria-invalid=\"false\"><option value=\"dostava na dom (brezpla\u010dno)\">dostava na dom (brezpla\u010dno)<\/option><option value=\"osebni prevzem (Tr\u017ea\u0161ka 547, Brezovica pri Ljubljani)\">osebni prevzem (Tr\u017ea\u0161ka 547, Brezovica pri Ljubljani)<\/option><\/select><\/span><\/label><\/p>\n<p><input type=\"submit\" value=\"Oddaj naro\u010dilo\" class=\"wpcf7-form-control wpcf7-submit\" \/><\/p>\n<p>S klikom na \"Oddaj naro\u010dilo\" se strinjate s <a href=\"http:\/\/sbikes.si\/si\/splosni-pogoji-nakupa\/\">splo\u0161nimi pogoji<\/a> nakupa.<\/p>\n<div class=\"wpcf7-response-output wpcf7-display-none\"><\/div><\/form><\/div>[\/vc_column][vc_column width=&#8221;1\/2&#8243;][vc_empty_space height=&#8221;30px&#8221;][vc_single_image image=&#8221;1198&#8243; img_size=&#8221;full&#8221; alignment=&#8221;center&#8221;][\/vc_column][\/vc_row][vc_row][vc_column width=&#8221;1\/2&#8243;][vc_empty_space height=&#8221;55px&#8221;][vc_column_text]<strong>Generalni zastopnik:<\/strong><\/p>\n<h4><strong>\u0160pan d.o.o.<\/strong><\/h4>\n<p>Tr\u017ea\u0161ka 547<br>1351 Brezovica pri Ljubljani<br>T: 01 365 81 46<br>E: <a href=\"mailto:trgovina.koles@span.si\">trgovina.koles@span.si<\/a><\/p>\n<p><strong>Prodaja in servis:<\/strong><\/p>\n<h4><strong>Kolesarski center \u0160pan<\/strong><\/h4>\n<p>Tr\u017ea\u0161ka 547<strong><br><\/strong>1351 Brezovica pri Ljubljani<br>T: 01 365 80 94<br>E: <a href=\"mailto:trgovina.koles@span.si\">trgovina.koles@span.si<\/a>[\/vc_column_text][\/vc_column][vc_column width=&#8221;1\/2&#8243;][vc_empty_space height=&#8221;55px&#8221;][vc_gmaps link=&#8221;#E-8_JTNDaWZyYW1lJTIwc3JjJTNEJTIyaHR0cHMlM0ElMkYlMkZ3d3cuZ29vZ2xlLmNvbSUyRm1hcHMlMkZlbWJlZCUzRnBiJTNEJTIxMW0xOCUyMTFtMTIlMjExbTMlMjExZDI3NzAuMzk3MzQwMjM2MzIxMyUyMTJkMTQuNDA5NTk4MzE1ODIxNDU1JTIxM2Q0Ni4wMjMyMTk5NzkxMTE1NCUyMTJtMyUyMTFmMCUyMTJmMCUyMTNmMCUyMTNtMiUyMTFpMTAyNCUyMTJpNzY4JTIxNGYxMy4xJTIxM20zJTIxMW0yJTIxMXMweDQ3N2FkMzAzZTg0YWJhMzklMjUzQTB4ZTg2OTlhOTY0NmM5MmQ4MiUyMTJzQXZ0b2NlbnRlciUyQiUyNUM1JTI1QTBwYW4lMkItJTJCdnNlJTJCemElMkJhdnRvJTJCbmElMkJlbmVtJTJCbWVzdHUlMjE1ZTAlMjEzbTIlMjExc3NsJTIxMnNzaSUyMTR2MTQ5NzI2MTgzNDU2MyUyMiUyMHdpZHRoJTNEJTIyNjAwJTIyJTIwaGVpZ2h0JTNEJTIyNDUwJTIyJTIwZnJhbWVib3JkZXIlM0QlMjIwJTIyJTIwc3R5bGUlM0QlMjJib3JkZXIlM0EwJTIyJTIwYWxsb3dmdWxsc2NyZWVuJTNFJTNDJTJGaWZyYW1lJTNF&#8221;][\/vc_column][\/vc_row][vc_row][vc_column][vc_column_text]<\/p>\n\n\n<p><\/p>\n[\/vc_column_text][\/vc_column][\/vc_row]","protected":false},"excerpt":{"rendered":"<p>[vc_row type=&#8221;vc_default&#8221; equal_height=&#8221;yes&#8221; content_placement=&#8221;middle&#8221; bg_type=&#8221;bg_color&#8221; bg_override=&#8221;ex-full&#8221; css=&#8221;.vc_custom_1456939980365{background-color: #ffffff !important;}&#8221; bg_color_value=&#8221;#ffffff&#8221; el_id=&#8221;features&#8221;][vc_column css=&#8221;.vc_custom_1632222228574{padding-top: 60px !important;padding-bottom: 20px !important;}&#8221; offset=&#8221;vc_col-lg-offset-0 vc_col-lg-5 vc_col-md-offset-0 vc_col-md-6&#8243;][vc_empty_space height=&#8221;20px&#8221;][vc_column_text] C90e PRO iz dru\u017eine S-BIKES.\u00a0 [\/vc_column_text][vc_empty_space height=&#8221;12px&#8221;][vc_column_text] Elektri\u010dna mobilnost je nova vsakdanjost mestnih sredi\u0161\u010d, C90e pa je ustvarjen, da vas udobno, odlo\u010dno in zanesljivo odpelje iz mesta na raziskovanje \u010dudovite narave. Je robusten in&hellip;<\/p>\n","protected":false},"author":2,"featured_media":0,"parent":0,"menu_order":0,"comment_status":"closed","ping_status":"closed","template":"template-microsite.php","meta":[],"_links":{"self":[{"href":"http:\/\/sbikes.si\/si\/wp-json\/wp\/v2\/pages\/1513"}],"collection":[{"href":"http:\/\/sbikes.si\/si\/wp-json\/wp\/v2\/pages"}],"about":[{"href":"http:\/\/sbikes.si\/si\/wp-json\/wp\/v2\/types\/page"}],"author":[{"embeddable":true,"href":"http:\/\/sbikes.si\/si\/wp-json\/wp\/v2\/users\/2"}],"replies":[{"embeddable":true,"href":"http:\/\/sbikes.si\/si\/wp-json\/wp\/v2\/comments?post=1513"}],"version-history":[{"count":39,"href":"http:\/\/sbikes.si\/si\/wp-json\/wp\/v2\/pages\/1513\/revisions"}],"predecessor-version":[{"id":1664,"href":"http:\/\/sbikes.si\/si\/wp-json\/wp\/v2\/pages\/1513\/revisions\/1664"}],"wp:attachment":[{"href":"http:\/\/sbikes.si\/si\/wp-json\/wp\/v2\/media?parent=1513"}],"curies":[{"name":"wp","href":"https:\/\/api.w.org\/{rel}","templated":true}]}}