{"id":848,"date":"2017-04-10T10:06:01","date_gmt":"2017-04-10T10:06:01","guid":{"rendered":"http:\/\/sbikes.si\/si\/?page_id=848"},"modified":"2025-05-21T07:24:09","modified_gmt":"2025-05-21T07:24:09","slug":"f50e","status":"publish","type":"page","link":"http:\/\/sbikes.si\/si\/f50e\/","title":{"rendered":"F50e"},"content":{"rendered":"<p>[vc_row full_width_row=&#8221;true&#8221;][vc_column][\/vc_column][\/vc_row][vc_row anchor=&#8221;koncept&#8221;][vc_column width=&#8221;1\/2&#8243;][vc_empty_space height=&#8221;30px&#8221;][vc_column_text]<\/p>\n<h1>Urbana legenda.<\/h1>\n<p>[\/vc_column_text][vc_empty_space height=&#8221;30px&#8221;][vc_column_text]Od trenutka, ko se boste usedli na S-BIKE vam bo jasno, da \u010desa takega \u0161e niste ob\u010dutili. Zlo\u017eljivo elektri\u010dno kolo <strong>F50e<\/strong>\u00a0vam bo za vedno spremenilo pogled na kolesarjenje. Potovanja bodo dobila novo razse\u017enost in \u0161e tako oddaljeni kraji bodo za vas postali lahko dosegljivi. S-BIKES F50e odlikuje lahko aluminijasto ohi\u0161je. Celotno elektri\u010dno kolo tako z baterijo in vso opremo tehta <strong>manj kot 22 kg<\/strong>. Po zaslugi zmogljive baterije priznanih proizvajalcev\u00a0<strong>Samsung <\/strong>ali <strong>LG<\/strong> vam pomaga pri va\u0161i vo\u017enji kar<strong> 65 km dale\u010d<\/strong> v ECO na\u010dinu s samo enim polnjenjem. Polnjenje je enostavno. preko obi\u010dajne hi\u0161ne elektri\u010dne vti\u010dnice.<\/p>\n<p>Cena: <del>1599 EUR<br \/>\n<\/del>Akcijska cena: <b><strong>1.496,66<\/strong><\/b><strong> EUR<\/strong><\/p>\n<p>&nbsp;[\/vc_column_text][vc_empty_space height=&#8221;5px&#8221;]<a href=\"#konceptf50e\" class=\"btn-shortcode dt-btn-m btn-link accent-btn-color title-btn-hover-color default-btn-bg-color default-btn-bg-hover-color ico-right-side anchor-link\" id=\"dt-btn-1\"><span>Ve\u010d o konceptu<\/span><i class=\"fa fa-angle-right\"><\/i><\/a>[vc_empty_space height=&#8221;20px&#8221;]<a href=\"#!\/nakup\" class=\"btn-shortcode dt-btn-m btn-link accent-btn-color title-btn-hover-color default-btn-bg-color default-btn-bg-hover-color ico-right-side anchor-link\" id=\"dt-btn-2\"><span>Spletni nakup z brezpla\u010dno dostavo<\/span><i class=\"fa fa-angle-right\"><\/i><\/a>[\/vc_column][vc_column width=&#8221;1\/2&#8243;][vc_empty_space height=&#8221;30px&#8221;][vc_single_image image=&#8221;1641&#8243; img_size=&#8221;640&#8243; alignment=&#8221;right&#8221; onclick=&#8221;link_image&#8221;][\/vc_column][\/vc_row][vc_row][vc_column][vc_empty_space height=&#8221;30px&#8221;][vc_empty_space height=&#8221;30px&#8221;][vc_single_image image=&#8221;1035&#8243; img_size=&#8221;full&#8221;][\/vc_column][\/vc_row][vc_row anchor=&#8221;konceptf50e&#8221;][vc_column width=&#8221;1\/2&#8243;][vc_empty_space height=&#8221;30px&#8221;][vc_single_image image=&#8221;1649&#8243; img_size=&#8221;full&#8221; alignment=&#8221;center&#8221;][vc_empty_space height=&#8221;30px&#8221;][\/vc_column][vc_column width=&#8221;1\/2&#8243;][vc_empty_space height=&#8221;30px&#8221;][vc_column_text]<\/p>\n<h2 id=\"#konceptf50e\">Koncept F50e.<\/h2>\n<p>[\/vc_column_text][vc_column_text]<strong>F50e <\/strong>na glavo postavlja dosedanje navade uporabe kolesa. S pomo\u010djo zmogljivega elektro motorja namre\u010d omogo\u010da vo\u017enjo in vzpone brez napora. Z F50e hitro dose\u017eemo \u017eeleno <strong>potovalno hitrost 25 km\/h<\/strong>. S pomo\u010djo enostavnega uporabni\u0161kega vmesnika S-BIKES iQ lahko dolo\u010damo eno izmed kar <strong>petih <\/strong><strong>stopenj pomo\u010di<\/strong>, ki nam jo nudi elektro motor. Pospe\u0161ek, ki ga z elektri\u010dnim kolesom dose\u017eete, vam bodo zavidali tudi profesionalni kolesarji. S kolesom S-BIKES F50e se lahko s pomo\u010djo motorja in baterije vozite <strong>do 65 km<\/strong>. Omogo\u010da maksimalno zmogljivost in izjemne pospe\u0161ke. Na drugi strani pa eko program v 1.stopnji pomo\u010di omogo\u010da doseganje maksimalne razdalje s samo enim polnjenjem, ta lahko prese\u017ee 65 km.[\/vc_column_text][vc_empty_space height=&#8221;30px&#8221;]<a href=\"#polnjenje\" class=\"btn-shortcode dt-btn-m btn-link accent-btn-color title-btn-hover-color default-btn-bg-color default-btn-bg-hover-color ico-right-side anchor-link\" id=\"dt-btn-3\"><span>Kako se kolo polni?<\/span><i class=\"fa fa-angle-right\"><\/i><\/a>[\/vc_column][\/vc_row][vc_row anchor=&#8221;polnjenje&#8221;][vc_column width=&#8221;1\/2&#8243;][vc_empty_space height=&#8221;30px&#8221;][vc_column_text]<\/p>\n<h2 id=\"polnjenje\">Polnjenje baterije.<\/h2>\n<p>[\/vc_column_text][vc_column_text]Polnjenje baterije je hitro in enostavno, preko obi\u010dajne<strong> hi\u0161ne elektri\u010dne vti\u010dnice<\/strong>. Polnjenje traja <strong>do 5h<\/strong>, odvisno od izpraznjenosti baterije. Baterijo s klju\u010dem lahko odklenete in vzamete iz kolesa. Polnite jo lahko kjer koli. Kolo ostane parkirano v gara\u017ei, baterijo pa medtem polnite v va\u0161i dnevni sobi. Preprosto in prakti\u010dno.<\/p>\n<p>Zmogljivost baterije: <strong>7800 mAh<br \/>\n<\/strong>Proizvajalec baterije:\u00a0<strong>Samsung\u00a0<\/strong>ali\u00a0<strong>LG<\/strong><br \/>\nMaloprodajna cena nove baterije:<strong> 285 eur z ddv<br \/>\n<\/strong>[\/vc_column_text][vc_empty_space height=&#8221;30px&#8221;]<a href=\"#zakajekolo\" class=\"btn-shortcode dt-btn-m btn-link accent-btn-color title-btn-hover-color default-btn-bg-color default-btn-bg-hover-color ico-right-side anchor-link\" id=\"dt-btn-4\"><span>Zakaj izbrati novi F50e?<\/span><i class=\"fa fa-angle-right\"><\/i><\/a>[\/vc_column][vc_column width=&#8221;1\/2&#8243;][vc_single_image image=&#8221;1647&#8243; img_size=&#8221;640&#8243; alignment=&#8221;center&#8221;][\/vc_column][\/vc_row][vc_row margin_top=&#8221;20&#8243; anchor=&#8221;zakajekolo&#8221;][vc_column css=&#8221;.vc_custom_1491832951216{border-radius: 1px !important;}&#8221;][vc_column_text]<\/p>\n<h2 id=\"zakajekolo\">Zakaj\u00a0izbrati novi F50e?<\/h2>\n<p>[\/vc_column_text][vc_column_text]<strong>F50e<\/strong> je prenovljena razli\u010dica modela Smart 01, na\u0161ega prvega elektri\u010dnega kolesa S-BIKES. Novi model je plod izbolj\u0161av in predlogov kupcev, ki smo jih uspe\u0161no vklju\u010dili v proces nadgradnje. Kot glavna novost je mo\u017enost dobave <strong>v dveh barvah<\/strong>. Poleg tradicionalne S-BIKES grafitne barve v sijajni tehniki barvanja je na voljo tudi v perla beli barvi. Ta poskrbi za atraktiven izgled in je pisana na ko\u017eo ljudem, ki i\u0161\u010dejo kolo kot stilsko ikono. Od ve\u010djih modelov S-BIKES je tudi najmanj\u0161i F50e dobil <strong>sodobno elektroniko S-BIKES iQ<\/strong>. Ta omogo\u010da bolj teko\u010do vo\u017enjo in optimiziran domet. Izbolj\u0161ali smo tudi sam okvir. Ta je dobil dodatna dr\u017eala za sede\u017e, ki je posebej oblikovan za zlo\u017eljivo elektri\u010dno kolo F50e. Spremembe so tudi na opori kolesa &#8211; podporni ta\u010dki za postavitev kolesa. Le ta je premaknjena na zadnji del kolesa, je nastavljiva po vi\u0161ini in omogo\u010da lep\u0161e in enostavnej\u0161e zlaganje, hkrati pa ne ovira premikanja pedal. Novo je tudi po vi\u0161ini nastavljivo krmilo, ki ima odslej tudi merilno skalo za preprostej\u0161o dolo\u010ditev vi\u0161ine. Modeli z vgrajenimi blatniki imajo novo generacijo svetil <strong>S-BIKES LED<\/strong>. Prednji \u017earomet, zadnja lu\u010d in osvetlitev potovalnega ra\u010dunalnika je sedaj enotna in se vklopi samo z enim dotikom stikala. Novost sta tudi oja\u010dana aluminijasta obro\u010da koles, ki omogo\u010data nekoliko vi\u0161jo nosilnost, to je skupno te\u017eo uporabnika s tovorom, <strong>do 120 kg<\/strong>.[\/vc_column_text]<a href=\"#serijskaoprema\" class=\"btn-shortcode dt-btn-m btn-link accent-btn-color title-btn-hover-color default-btn-bg-color default-btn-bg-hover-color ico-right-side anchor-link\" id=\"dt-btn-5\"><span>Kak\u0161na je serijska oprema kolesa?<\/span><i class=\"fa fa-angle-right\"><\/i><\/a>[vc_empty_space height=&#8221;30px&#8221;][\/vc_column][\/vc_row][vc_row anchor=&#8221;serijskaoprema&#8221;][vc_column width=&#8221;1\/2&#8243;][vc_column_text]<\/p>\n<h2 id=\"serijskaoprema\">Serijska oprema<\/h2>\n<p>[\/vc_column_text][vc_column_text]<\/p>\n<ul>\n<li>LED sprednja lu\u010d in LED zadnja lu\u010d,<\/li>\n<li>perforirane visoko zmogljive mehanske disk zavore,<\/li>\n<li>3-kraka 20&#8221; lita plati\u0161\u010da v mat \u010drnem izgledu,<\/li>\n<li>7 stopenjski menjalnik SHIMANO s \u0161\u010ditnikom,<\/li>\n<li>potovalni ra\u010dunalnik,<\/li>\n<li>USB vti\u010dnica,<\/li>\n<li>upravljalnik S-BIKES iQ s petimi stopnjami delovanja,<\/li>\n<li>integriran opozorilni zvonec,<\/li>\n<li>zlo\u017eljiva pedala,<\/li>\n<li>prednje vzmetenje,<\/li>\n<li>baterija Samsung ali LG (36V, 7800 mAh),<\/li>\n<li>zmogljiv 250W elektro motor,<\/li>\n<li>zlo\u017eljivo krmilo z mo\u017enostjo regulacije vi\u0161ine z merilno skalo,<\/li>\n<li>po vi\u0161ini prilagodljiv komfortni sede\u017e,<\/li>\n<li>prednji in zadnji blatnik,<\/li>\n<li>prednja in zadnja lu\u010d,<\/li>\n<li>zlo\u017eljivo ogrodje S-BIKES F50e.<\/li>\n<\/ul>\n<p>[\/vc_column_text][vc_empty_space height=&#8221;30px&#8221;][\/vc_column][vc_column width=&#8221;1\/2&#8243;][vc_empty_space height=&#8221;30px&#8221;][vc_single_image image=&#8221;868&#8243; img_size=&#8221;full&#8221; alignment=&#8221;center&#8221;][\/vc_column][\/vc_row][vc_row anchor=&#8221;nakup&#8221;][vc_column width=&#8221;1\/2&#8243;][vc_column_text]<\/p>\n<h2 id=\"!\/nakup\">Spletni nakup<\/h2>\n<p>[\/vc_column_text][vc_column_text]<strong>Izdelek je na zalogi.<br \/>\n<\/strong><\/p>\n<p>Veseli nas, da ste se odlo\u010dili za nakup kolesa S-BIKES F50e. Izpolnite spodaj \u017eelene podatke in izkoristite brezpla\u010dno dostavo na va\u0161 dom.<br \/>\n[\/vc_column_text]<div role=\"form\" class=\"wpcf7\" id=\"wpcf7-f898-o1\" lang=\"en-US\" dir=\"ltr\">\n<div class=\"screen-reader-response\"><\/div>\n<form action=\"\/si\/wp-json\/wp\/v2\/pages\/848#wpcf7-f898-o1\" method=\"post\" class=\"wpcf7-form\" novalidate=\"novalidate\">\n<div style=\"display: none;\">\n<input type=\"hidden\" name=\"_wpcf7\" value=\"898\" \/>\n<input type=\"hidden\" name=\"_wpcf7_version\" value=\"5.0.2\" \/>\n<input type=\"hidden\" name=\"_wpcf7_locale\" value=\"en_US\" \/>\n<input type=\"hidden\" name=\"_wpcf7_unit_tag\" value=\"wpcf7-f898-o1\" \/>\n<input type=\"hidden\" name=\"_wpcf7_container_post\" value=\"0\" \/>\n<\/div>\n<p>Podatki o kupcu:<br \/>\n<label> Va\u0161e ime in priimek:<br \/>\n    <span class=\"wpcf7-form-control-wrap your-name\"><input type=\"text\" name=\"your-name\" value=\"\" size=\"40\" class=\"wpcf7-form-control wpcf7-text wpcf7-validates-as-required\" aria-required=\"true\" aria-invalid=\"false\" \/><\/span> <\/label><\/p>\n<p><label> Va\u0161 elektronski naslov:<br \/>\n    <span class=\"wpcf7-form-control-wrap your-email\"><input type=\"email\" name=\"your-email\" value=\"\" size=\"40\" class=\"wpcf7-form-control wpcf7-text wpcf7-email wpcf7-validates-as-required wpcf7-validates-as-email\" aria-required=\"true\" aria-invalid=\"false\" \/><\/span> <\/label><\/p>\n<p><label> Va\u0161 telefon:<br \/>\n<span class=\"wpcf7-form-control-wrap telefon\"><input type=\"tel\" name=\"telefon\" value=\"\" size=\"40\" class=\"wpcf7-form-control wpcf7-text wpcf7-tel wpcf7-validates-as-tel\" aria-invalid=\"false\" \/><\/span><\/label><\/p>\n<p>Podatki o kolesu:<\/p>\n<p><label> Barva kolesa:<br \/>\n<span class=\"wpcf7-form-control-wrap barva\"><span class=\"wpcf7-form-control wpcf7-checkbox\"><span class=\"wpcf7-list-item first last\"><input type=\"checkbox\" name=\"barva[]\" value=\"Biserno bela\" \/><span class=\"wpcf7-list-item-label\">Biserno bela<\/span><\/span><\/span><\/span><\/label><br \/>\n<span class=\"wpcf7-form-control-wrap barva\"><span class=\"wpcf7-form-control wpcf7-checkbox\"><span class=\"wpcf7-list-item first last\"><input type=\"checkbox\" name=\"barva[]\" value=\"Grafitno siva\" \/><span class=\"wpcf7-list-item-label\">Grafitno siva<\/span><\/span><\/span><\/span><\/label><\/p>\n<p><label> Mo\u017enost prevzema:<br \/>\n<span class=\"wpcf7-form-control-wrap dostava\"><select name=\"dostava\" class=\"wpcf7-form-control wpcf7-select wpcf7-validates-as-required\" aria-required=\"true\" aria-invalid=\"false\"><option value=\"dostava na dom (brezpla\u010dno)\">dostava na dom (brezpla\u010dno)<\/option><option value=\"osebni prevzem (Tr\u017ea\u0161ka 547, Brezovica pri Ljubljani)\">osebni prevzem (Tr\u017ea\u0161ka 547, Brezovica pri Ljubljani)<\/option><\/select><\/span><\/label><\/p>\n<p><input type=\"submit\" value=\"Oddaj naro\u010dilo\" class=\"wpcf7-form-control wpcf7-submit\" \/><\/p>\n<p>S klikom na \"Oddaj naro\u010dilo\" se strinjate s <a href=\"http:\/\/sbikes.si\/si\/splosni-pogoji-nakupa\/\">splo\u0161nimi pogoji<\/a> nakupa.<\/p>\n<div class=\"wpcf7-response-output wpcf7-display-none\"><\/div><\/form><\/div>[\/vc_column][vc_column width=&#8221;1\/2&#8243;][vc_empty_space height=&#8221;30px&#8221;][vc_single_image image=&#8221;881&#8243; img_size=&#8221;full&#8221;][vc_single_image image=&#8221;913&#8243; img_size=&#8221;full&#8221; alignment=&#8221;center&#8221;][\/vc_column][\/vc_row]<\/p>\n","protected":false},"excerpt":{"rendered":"<p>[vc_row full_width_row=&#8221;true&#8221;][vc_column][\/vc_column][\/vc_row][vc_row anchor=&#8221;koncept&#8221;][vc_column width=&#8221;1\/2&#8243;][vc_empty_space height=&#8221;30px&#8221;][vc_column_text] Urbana legenda. [\/vc_column_text][vc_empty_space height=&#8221;30px&#8221;][vc_column_text]Od trenutka, ko se boste usedli na S-BIKE vam bo jasno, da \u010desa takega \u0161e niste ob\u010dutili. Zlo\u017eljivo elektri\u010dno kolo F50e\u00a0vam bo za vedno spremenilo pogled na kolesarjenje. Potovanja bodo dobila novo razse\u017enost in \u0161e tako oddaljeni kraji bodo za vas postali lahko dosegljivi. S-BIKES F50e odlikuje&hellip;<\/p>\n","protected":false},"author":1,"featured_media":0,"parent":0,"menu_order":0,"comment_status":"closed","ping_status":"closed","template":"","meta":[],"_links":{"self":[{"href":"http:\/\/sbikes.si\/si\/wp-json\/wp\/v2\/pages\/848"}],"collection":[{"href":"http:\/\/sbikes.si\/si\/wp-json\/wp\/v2\/pages"}],"about":[{"href":"http:\/\/sbikes.si\/si\/wp-json\/wp\/v2\/types\/page"}],"author":[{"embeddable":true,"href":"http:\/\/sbikes.si\/si\/wp-json\/wp\/v2\/users\/1"}],"replies":[{"embeddable":true,"href":"http:\/\/sbikes.si\/si\/wp-json\/wp\/v2\/comments?post=848"}],"version-history":[{"count":141,"href":"http:\/\/sbikes.si\/si\/wp-json\/wp\/v2\/pages\/848\/revisions"}],"predecessor-version":[{"id":1666,"href":"http:\/\/sbikes.si\/si\/wp-json\/wp\/v2\/pages\/848\/revisions\/1666"}],"wp:attachment":[{"href":"http:\/\/sbikes.si\/si\/wp-json\/wp\/v2\/media?parent=848"}],"curies":[{"name":"wp","href":"https:\/\/api.w.org\/{rel}","templated":true}]}}